{"id":1125,"date":"2025-07-09T17:44:57","date_gmt":"2025-07-09T17:44:57","guid":{"rendered":"https:\/\/tuttisensi.es\/reservierungen\/"},"modified":"2025-11-15T05:35:03","modified_gmt":"2025-11-15T05:35:03","slug":"reservierungen","status":"publish","type":"page","link":"https:\/\/tuttisensi.es\/de\/reservierungen\/","title":{"rendered":"Reservierungen"},"content":{"rendered":"\t\t<div data-elementor-type=\"wp-page\" data-elementor-id=\"1125\" class=\"elementor elementor-1125 elementor-149\" data-elementor-post-type=\"page\">\n\t\t\t\t<div class=\"elementor-element elementor-element-1fc94df e-flex e-con-boxed e-con e-parent\" data-id=\"1fc94df\" data-element_type=\"container\" data-e-type=\"container\">\n\t\t\t\t\t<div class=\"e-con-inner\">\n\t\t\t\t<div class=\"elementor-element elementor-element-fcfb23a elementor-widget elementor-widget-spacer\" data-id=\"fcfb23a\" data-element_type=\"widget\" data-e-type=\"widget\" data-widget_type=\"spacer.default\">\n\t\t\t\t\t\t\t<div class=\"elementor-spacer\">\n\t\t\t<div class=\"elementor-spacer-inner\"><\/div>\n\t\t<\/div>\n\t\t\t\t\t\t<\/div>\n\t\t\t\t\t<\/div>\n\t\t\t\t<\/div>\n\t\t<div class=\"elementor-element elementor-element-aaff1ae e-flex e-con-boxed e-con e-parent\" data-id=\"aaff1ae\" data-element_type=\"container\" data-e-type=\"container\">\n\t\t\t\t\t<div class=\"e-con-inner\">\n\t\t\t\t<div class=\"elementor-element elementor-element-5792ade elementor-widget elementor-widget-heading\" data-id=\"5792ade\" data-element_type=\"widget\" data-e-type=\"widget\" data-widget_type=\"heading.default\">\n\t\t\t\t\t<h3 class=\"elementor-heading-title elementor-size-default\">IHR TISCH ERWARTET SIE<\/h3>\t\t\t\t<\/div>\n\t\t\t\t<div class=\"elementor-element elementor-element-5273eba elementor-widget elementor-widget-heading\" data-id=\"5273eba\" data-element_type=\"widget\" data-e-type=\"widget\" data-widget_type=\"heading.default\">\n\t\t\t\t\t<h1 class=\"elementor-heading-title elementor-size-default\">IHRE RESERVIERUNG VORNEHMEN<\/h1>\t\t\t\t<\/div>\n\t\t\t\t<div class=\"elementor-element elementor-element-d2f0366 elementor-widget elementor-widget-text-editor\" data-id=\"d2f0366\" data-element_type=\"widget\" data-e-type=\"widget\" data-widget_type=\"text-editor.default\">\n\t\t\t\t\t\t\t\t\t<p>Ihr Tisch wartet auf Sie. Buchen Sie bei uns und genie\u00dfen Sie das <strong>authentische italienische Erlebnis.<\/strong> F\u00fcllen Sie das Formular aus und warten Sie auf unsere Best\u00e4tigung. <\/p>\t\t\t\t\t\t\t\t<\/div>\n\t\t\t\t<div class=\"elementor-element elementor-element-59c7718 elementor-widget-mobile__width-inherit elementor-widget elementor-widget-shortcode\" data-id=\"59c7718\" data-element_type=\"widget\" data-e-type=\"widget\" data-widget_type=\"shortcode.default\">\n\t\t\t\t\t\t\t<div class=\"elementor-shortcode\"><div class=\"forminator-ui forminator-custom-form forminator-custom-form-1355 forminator-design--default  forminator_ajax\" data-forminator-render=\"0\" data-form=\"forminator-module-1355\" data-uid=\"6a0901ceb4b2a\"><br\/><\/div><form\n\t\t\t\tid=\"forminator-module-1355\"\n\t\t\t\tclass=\"forminator-ui forminator-custom-form forminator-custom-form-1355 forminator-design--default  forminator_ajax\"\n\t\t\t\tmethod=\"post\"\n\t\t\t\tdata-forminator-render=\"0\"\n\t\t\t\tdata-form-id=\"1355\"\n\t\t\t\t data-color-option=\"theme\" data-design=\"default\" data-grid=\"open\" style=\"display: none;\"\n\t\t\t\tdata-uid=\"6a0901ceb4b2a\"\n\t\t\t><div role=\"alert\" aria-live=\"polite\" class=\"forminator-response-message forminator-error\" aria-hidden=\"true\"><\/div><div class=\"forminator-row\"><div id=\"name-1\" class=\"forminator-field-name forminator-col forminator-col-12 \"><div class=\"forminator-field\"><label for=\"forminator-field-name-1_6a0901ceb4b2a\" id=\"forminator-field-name-1_6a0901ceb4b2a-label\" class=\"forminator-label\">Name<\/label><input type=\"text\" name=\"name-1\" value=\"\" placeholder=\"Nombre\" id=\"forminator-field-name-1_6a0901ceb4b2a\" class=\"forminator-input forminator-name--field\" aria-required=\"false\" autocomplete=\"name\" \/><\/div><\/div><\/div><div class=\"forminator-row\"><div id=\"email-1\" class=\"forminator-field-email forminator-col forminator-col-6 \"><div class=\"forminator-field\"><label for=\"forminator-field-email-1_6a0901ceb4b2a\" id=\"forminator-field-email-1_6a0901ceb4b2a-label\" class=\"forminator-label\">Email Address <span class=\"forminator-required\">*<\/span><\/label><input type=\"email\" name=\"email-1\" value=\"\" placeholder=\"Correo electr\u00f3nico\" id=\"forminator-field-email-1_6a0901ceb4b2a\" class=\"forminator-input forminator-email--field\" data-required=\"1\" aria-required=\"true\" autocomplete=\"email\" \/><\/div><\/div><div id=\"phone-1\" class=\"forminator-field-phone forminator-col forminator-col-6 \"><div class=\"forminator-field\"><label for=\"forminator-field-phone-1_6a0901ceb4b2a\" id=\"forminator-field-phone-1_6a0901ceb4b2a-label\" class=\"forminator-label\">Phone Number <span class=\"forminator-required\">*<\/span><\/label><input type=\"text\" name=\"phone-1\" value=\"\" placeholder=\"Tel\u00e9fono\" id=\"forminator-field-phone-1_6a0901ceb4b2a\" class=\"forminator-input forminator-field--phone\" data-required=\"1\" aria-required=\"true\" autocomplete=\"off\" \/><\/div><\/div><\/div><div class=\"forminator-row\"><div id=\"date-1\" class=\"forminator-field-date forminator-col forminator-col-6 \"><div class=\"forminator-field\"><label for=\"forminator-field-date-1-picker_6a0901ceb4b2a\" id=\"forminator-field-date-1-picker_6a0901ceb4b2a-label\" class=\"forminator-label\">Date <span class=\"forminator-required\">*<\/span><\/label><div class=\"forminator-input-with-icon\"><span class=\"forminator-icon-calendar\" aria-hidden=\"true\"><\/span><input autocomplete=\"off\" type=\"text\" size=\"1\" name=\"date-1\" value=\"\" placeholder=\"Elegir fecha\" id=\"forminator-field-date-1-picker_6a0901ceb4b2a\" class=\"forminator-input forminator-datepicker\" data-required=\"1\" data-format=\"dd-mm-yy\" data-restrict-type=\"\" data-restrict=\"\" data-start-year=\"2026\" data-end-year=\"2126\" data-past-dates=\"enable\" data-start-of-week=\"1\" data-start-date=\"2026-05-16\" data-end-date=\"\" data-start-field=\"\" data-end-field=\"\" data-start-offset=\"\" data-end-offset=\"\" data-disable-date=\"\" data-disable-range=\"\" \/><\/div><\/div><\/div><div id=\"time-1\" class=\"forminator-field-time forminator-col forminator-col-6 \"><div class=\"forminator-timepicker\" ><div class=\"forminator-row\" data-multiple=\"true\"><div id=\"time-1-hours\" class=\"forminator-col forminator-col-6\"><div class=\"forminator-field\"><label for=\"forminator-field-1355__field--time-1-hours_6a0901ceb4b2a\" id=\"forminator-field-1355__field--time-1-hours_6a0901ceb4b2a-label\" class=\"forminator-label\">Horas <span class=\"forminator-required\">*<\/span><\/label><select name=\"time-1-hours\" id=\"forminator-field-1355__field--time-1-hours_6a0901ceb4b2a\" class=\"forminator-select2 time-hours has-time-limiter\" data-field=\"hours\" data-placeholder=\"Auswahl\" aria-labelledby=\"forminator-field-1355__field--time-1-hours_6a0901ceb4b2a-label\" data-default-value=\"\"><option value=\"\" selected=\"selected\">-<\/option><option value=\"8\" >08<\/option><option value=\"9\" >09<\/option><option value=\"10\" >10<\/option><option value=\"11\" >11<\/option><option value=\"12\" >12<\/option><option value=\"13\" >13<\/option><option value=\"14\" >14<\/option><option value=\"15\" >15<\/option><option value=\"16\" >16<\/option><option value=\"17\" >17<\/option><option value=\"18\" >18<\/option><option value=\"19\" >19<\/option><option value=\"20\" >20<\/option><option value=\"21\" >21<\/option><option value=\"22\" >22<\/option><option value=\"23\" >23<\/option><\/select><\/div><\/div><div id=\"time-1-minutes\" class=\"forminator-col forminator-col-6\"><div class=\"forminator-field\"><label for=\"forminator-field-1355__field--time-1-minutes_6a0901ceb4b2a\" id=\"forminator-field-1355__field--time-1-minutes_6a0901ceb4b2a-label\" class=\"forminator-label\">Minutos <span class=\"forminator-required\">*<\/span><\/label><select name=\"time-1-minutes\" id=\"forminator-field-1355__field--time-1-minutes_6a0901ceb4b2a\" class=\"forminator-select2 time-minutes has-time-limiter\" data-field=\"minutes\" data-placeholder=\"Auswahl\" aria-labelledby=\"forminator-field-1355__field--time-1-minutes_6a0901ceb4b2a-label\" data-default-value=\"\"><option value=\"\" selected=\"selected\">-<\/option><option value=\"0\" >00<\/option><option value=\"1\" >01<\/option><option value=\"2\" >02<\/option><option value=\"3\" >03<\/option><option value=\"4\" >04<\/option><option value=\"5\" >05<\/option><option value=\"6\" >06<\/option><option value=\"7\" >07<\/option><option value=\"8\" >08<\/option><option value=\"9\" >09<\/option><option value=\"10\" >10<\/option><option value=\"11\" >11<\/option><option value=\"12\" >12<\/option><option value=\"13\" >13<\/option><option value=\"14\" >14<\/option><option value=\"15\" >15<\/option><option value=\"16\" >16<\/option><option value=\"17\" >17<\/option><option value=\"18\" >18<\/option><option value=\"19\" >19<\/option><option value=\"20\" >20<\/option><option value=\"21\" >21<\/option><option value=\"22\" >22<\/option><option value=\"23\" >23<\/option><option value=\"24\" >24<\/option><option value=\"25\" >25<\/option><option value=\"26\" >26<\/option><option value=\"27\" >27<\/option><option value=\"28\" >28<\/option><option value=\"29\" >29<\/option><option value=\"30\" >30<\/option><option value=\"31\" >31<\/option><option value=\"32\" >32<\/option><option value=\"33\" >33<\/option><option value=\"34\" >34<\/option><option value=\"35\" >35<\/option><option value=\"36\" >36<\/option><option value=\"37\" >37<\/option><option value=\"38\" >38<\/option><option value=\"39\" >39<\/option><option value=\"40\" >40<\/option><option value=\"41\" >41<\/option><option value=\"42\" >42<\/option><option value=\"43\" >43<\/option><option value=\"44\" >44<\/option><option value=\"45\" >45<\/option><option value=\"46\" >46<\/option><option value=\"47\" >47<\/option><option value=\"48\" >48<\/option><option value=\"49\" >49<\/option><option value=\"50\" >50<\/option><option value=\"51\" >51<\/option><option value=\"52\" >52<\/option><option value=\"53\" >53<\/option><option value=\"54\" >54<\/option><option value=\"55\" >55<\/option><option value=\"56\" >56<\/option><option value=\"57\" >57<\/option><option value=\"58\" >58<\/option><option value=\"59\" >59<\/option><\/select><\/div><\/div><\/div><\/div><\/div><\/div><div class=\"forminator-row\"><div id=\"number-1\" class=\"forminator-field-number forminator-col forminator-col-12 \"><div class=\"forminator-field\"><label for=\"forminator-field-number-1_6a0901ceb4b2a\" id=\"forminator-field-number-1_6a0901ceb4b2a-label\" class=\"forminator-label\">People <span class=\"forminator-required\">*<\/span><\/label><input name=\"number-1\" value=\"\" placeholder=\"Cantidad de Personas\" id=\"forminator-field-number-1_6a0901ceb4b2a\" class=\"forminator-input forminator-number--field\" inputmode=\"decimal\" data-required=\"1\" data-decimals=\"0\" aria-required=\"true\" data-inputmask=\"&#039;groupSeparator&#039;: &#039;&#039;, &#039;radixPoint&#039;: &#039;&#039;, &#039;digits&#039;: &#039;0&#039;\" data-hidden-behavior=\"zero\" type=\"number\" step=\"any\" min=\"1\" max=\"20\" \/><\/div><\/div><\/div><div class=\"forminator-row\"><div id=\"textarea-1\" class=\"forminator-field-textarea forminator-col forminator-col-12 \"><div class=\"forminator-field\"><label for=\"forminator-field-textarea-1_6a0901ceb4b2a\" id=\"forminator-field-textarea-1_6a0901ceb4b2a-label\" class=\"forminator-label\">Mensaje<\/label><textarea name=\"textarea-1\" placeholder=\"\" id=\"forminator-field-textarea-1_6a0901ceb4b2a\" class=\"forminator-textarea\" rows=\"6\" style=\"--forminator-textarea-min-height:140px;\" ><\/textarea><\/div><\/div><\/div><input type=\"hidden\" name=\"referer_url\" value=\"\" \/><div class=\"forminator-row forminator-row-last\"><div class=\"forminator-col\"><div class=\"forminator-field\"><button class=\"forminator-button forminator-button-submit\">Enviar<\/button><\/div><\/div><\/div><input type=\"hidden\" id=\"forminator_nonce\" name=\"forminator_nonce\" value=\"232c349e2d\" \/><input type=\"hidden\" name=\"_wp_http_referer\" value=\"\/de\/wp-json\/wp\/v2\/pages\/1125\" \/><input type=\"hidden\" name=\"form_id\" value=\"1355\"><input type=\"hidden\" name=\"page_id\" value=\"1125\"><input type=\"hidden\" name=\"form_type\" value=\"default\"><input type=\"hidden\" name=\"current_url\" value=\"https:\/\/tuttisensi.es\/de\/reservierungen\/\"><input type=\"hidden\" name=\"render_id\" value=\"0\"><input type=\"hidden\" name=\"action\" value=\"forminator_submit_form_custom-forms\"><\/form><\/div>\n\t\t\t\t\t\t<\/div>\n\t\t\t\t\t<\/div>\n\t\t\t\t<\/div>\n\t\t<div class=\"elementor-element elementor-element-8809871 e-flex e-con-boxed e-con e-parent\" data-id=\"8809871\" data-element_type=\"container\" data-e-type=\"container\">\n\t\t\t\t\t<div class=\"e-con-inner\">\n\t\t\t\t<div class=\"elementor-element elementor-element-b3addb5 elementor-widget elementor-widget-spacer\" data-id=\"b3addb5\" data-element_type=\"widget\" data-e-type=\"widget\" data-widget_type=\"spacer.default\">\n\t\t\t\t\t\t\t<div class=\"elementor-spacer\">\n\t\t\t<div class=\"elementor-spacer-inner\"><\/div>\n\t\t<\/div>\n\t\t\t\t\t\t<\/div>\n\t\t\t\t\t<\/div>\n\t\t\t\t<\/div>\n\t\t\t\t<\/div>\n\t\t","protected":false},"excerpt":{"rendered":"<p>IHR TISCH ERWARTET SIE IHRE RESERVIERUNG VORNEHMEN Ihr Tisch wartet auf Sie. Buchen Sie bei uns und genie\u00dfen Sie das authentische italienische Erlebnis. F\u00fcllen Sie das Formular aus und warten Sie auf unsere Best\u00e4tigung.<\/p>\n","protected":false},"author":2,"featured_media":0,"parent":0,"menu_order":0,"comment_status":"closed","ping_status":"closed","template":"","meta":{"footnotes":""},"class_list":["post-1125","page","type-page","status-publish","hentry"],"yoast_head":"<!-- This site is optimized with the Yoast SEO plugin v27.5 - https:\/\/yoast.com\/product\/yoast-seo-wordpress\/ -->\n<title>Reservierungen - Tutti Sensi<\/title>\n<meta name=\"robots\" content=\"index, follow, max-snippet:-1, max-image-preview:large, max-video-preview:-1\" \/>\n<link rel=\"canonical\" href=\"https:\/\/tuttisensi.es\/de\/reservierungen\/\" \/>\n<meta property=\"og:locale\" content=\"de_DE\" \/>\n<meta property=\"og:type\" content=\"article\" \/>\n<meta property=\"og:title\" content=\"Reservierungen - Tutti Sensi\" \/>\n<meta property=\"og:description\" content=\"IHR TISCH ERWARTET SIE IHRE RESERVIERUNG VORNEHMEN Ihr Tisch wartet auf Sie. Buchen Sie bei uns und genie\u00dfen Sie das authentische italienische Erlebnis. F\u00fcllen Sie das Formular aus und warten Sie auf unsere Best\u00e4tigung.\" \/>\n<meta property=\"og:url\" content=\"https:\/\/tuttisensi.es\/de\/reservierungen\/\" \/>\n<meta property=\"og:site_name\" content=\"Tutti Sensi\" \/>\n<meta property=\"article:publisher\" content=\"https:\/\/www.facebook.com\/p\/Tutti-Sensi-Portals-100086600102448\/\" \/>\n<meta property=\"article:modified_time\" content=\"2025-11-15T05:35:03+00:00\" \/>\n<meta name=\"twitter:card\" content=\"summary_large_image\" \/>\n<meta name=\"twitter:label1\" content=\"Gesch\u00e4tzte Lesezeit\" \/>\n\t<meta name=\"twitter:data1\" content=\"1\u00a0Minute\" \/>\n<script type=\"application\/ld+json\" class=\"yoast-schema-graph\">{\"@context\":\"https:\\\/\\\/schema.org\",\"@graph\":[{\"@type\":\"WebPage\",\"@id\":\"https:\\\/\\\/tuttisensi.es\\\/de\\\/reservierungen\\\/\",\"url\":\"https:\\\/\\\/tuttisensi.es\\\/de\\\/reservierungen\\\/\",\"name\":\"Reservierungen - Tutti Sensi\",\"isPartOf\":{\"@id\":\"https:\\\/\\\/tuttisensi.es\\\/de\\\/#website\"},\"datePublished\":\"2025-07-09T17:44:57+00:00\",\"dateModified\":\"2025-11-15T05:35:03+00:00\",\"breadcrumb\":{\"@id\":\"https:\\\/\\\/tuttisensi.es\\\/de\\\/reservierungen\\\/#breadcrumb\"},\"inLanguage\":\"de\",\"potentialAction\":[{\"@type\":\"ReadAction\",\"target\":[\"https:\\\/\\\/tuttisensi.es\\\/de\\\/reservierungen\\\/\"]}]},{\"@type\":\"BreadcrumbList\",\"@id\":\"https:\\\/\\\/tuttisensi.es\\\/de\\\/reservierungen\\\/#breadcrumb\",\"itemListElement\":[{\"@type\":\"ListItem\",\"position\":1,\"name\":\"Hauptseite\",\"item\":\"https:\\\/\\\/tuttisensi.es\\\/de\\\/\"},{\"@type\":\"ListItem\",\"position\":2,\"name\":\"Reservierungen\"}]},{\"@type\":\"WebSite\",\"@id\":\"https:\\\/\\\/tuttisensi.es\\\/de\\\/#website\",\"url\":\"https:\\\/\\\/tuttisensi.es\\\/de\\\/\",\"name\":\"Tutti Sensi\",\"description\":\"Authentic Italian restaurant in Puerto Portals\",\"publisher\":{\"@id\":\"https:\\\/\\\/tuttisensi.es\\\/de\\\/#organization\"},\"potentialAction\":[{\"@type\":\"SearchAction\",\"target\":{\"@type\":\"EntryPoint\",\"urlTemplate\":\"https:\\\/\\\/tuttisensi.es\\\/de\\\/?s={search_term_string}\"},\"query-input\":{\"@type\":\"PropertyValueSpecification\",\"valueRequired\":true,\"valueName\":\"search_term_string\"}}],\"inLanguage\":\"de\"},{\"@type\":\"Organization\",\"@id\":\"https:\\\/\\\/tuttisensi.es\\\/de\\\/#organization\",\"name\":\"Tutti Sensi\",\"url\":\"https:\\\/\\\/tuttisensi.es\\\/de\\\/\",\"logo\":{\"@type\":\"ImageObject\",\"inLanguage\":\"de\",\"@id\":\"https:\\\/\\\/tuttisensi.es\\\/de\\\/#\\\/schema\\\/logo\\\/image\\\/\",\"url\":\"https:\\\/\\\/tuttisensi.es\\\/wp-content\\\/uploads\\\/2025\\\/07\\\/Tutti-Sensi-Landscape-Dark-Medium-Logo-scaled.png\",\"contentUrl\":\"https:\\\/\\\/tuttisensi.es\\\/wp-content\\\/uploads\\\/2025\\\/07\\\/Tutti-Sensi-Landscape-Dark-Medium-Logo-scaled.png\",\"width\":2560,\"height\":1810,\"caption\":\"Tutti Sensi\"},\"image\":{\"@id\":\"https:\\\/\\\/tuttisensi.es\\\/de\\\/#\\\/schema\\\/logo\\\/image\\\/\"},\"sameAs\":[\"https:\\\/\\\/www.facebook.com\\\/p\\\/Tutti-Sensi-Portals-100086600102448\\\/\",\"https:\\\/\\\/www.instagram.com\\\/tuttisensiportals\\\/\"]}]}<\/script>\n<!-- \/ Yoast SEO plugin. -->","yoast_head_json":{"title":"Reservierungen - Tutti Sensi","robots":{"index":"index","follow":"follow","max-snippet":"max-snippet:-1","max-image-preview":"max-image-preview:large","max-video-preview":"max-video-preview:-1"},"canonical":"https:\/\/tuttisensi.es\/de\/reservierungen\/","og_locale":"de_DE","og_type":"article","og_title":"Reservierungen - Tutti Sensi","og_description":"IHR TISCH ERWARTET SIE IHRE RESERVIERUNG VORNEHMEN Ihr Tisch wartet auf Sie. Buchen Sie bei uns und genie\u00dfen Sie das authentische italienische Erlebnis. F\u00fcllen Sie das Formular aus und warten Sie auf unsere Best\u00e4tigung.","og_url":"https:\/\/tuttisensi.es\/de\/reservierungen\/","og_site_name":"Tutti Sensi","article_publisher":"https:\/\/www.facebook.com\/p\/Tutti-Sensi-Portals-100086600102448\/","article_modified_time":"2025-11-15T05:35:03+00:00","twitter_card":"summary_large_image","twitter_misc":{"Gesch\u00e4tzte Lesezeit":"1\u00a0Minute"},"schema":{"@context":"https:\/\/schema.org","@graph":[{"@type":"WebPage","@id":"https:\/\/tuttisensi.es\/de\/reservierungen\/","url":"https:\/\/tuttisensi.es\/de\/reservierungen\/","name":"Reservierungen - Tutti Sensi","isPartOf":{"@id":"https:\/\/tuttisensi.es\/de\/#website"},"datePublished":"2025-07-09T17:44:57+00:00","dateModified":"2025-11-15T05:35:03+00:00","breadcrumb":{"@id":"https:\/\/tuttisensi.es\/de\/reservierungen\/#breadcrumb"},"inLanguage":"de","potentialAction":[{"@type":"ReadAction","target":["https:\/\/tuttisensi.es\/de\/reservierungen\/"]}]},{"@type":"BreadcrumbList","@id":"https:\/\/tuttisensi.es\/de\/reservierungen\/#breadcrumb","itemListElement":[{"@type":"ListItem","position":1,"name":"Hauptseite","item":"https:\/\/tuttisensi.es\/de\/"},{"@type":"ListItem","position":2,"name":"Reservierungen"}]},{"@type":"WebSite","@id":"https:\/\/tuttisensi.es\/de\/#website","url":"https:\/\/tuttisensi.es\/de\/","name":"Tutti Sensi","description":"Authentic Italian restaurant in Puerto Portals","publisher":{"@id":"https:\/\/tuttisensi.es\/de\/#organization"},"potentialAction":[{"@type":"SearchAction","target":{"@type":"EntryPoint","urlTemplate":"https:\/\/tuttisensi.es\/de\/?s={search_term_string}"},"query-input":{"@type":"PropertyValueSpecification","valueRequired":true,"valueName":"search_term_string"}}],"inLanguage":"de"},{"@type":"Organization","@id":"https:\/\/tuttisensi.es\/de\/#organization","name":"Tutti Sensi","url":"https:\/\/tuttisensi.es\/de\/","logo":{"@type":"ImageObject","inLanguage":"de","@id":"https:\/\/tuttisensi.es\/de\/#\/schema\/logo\/image\/","url":"https:\/\/tuttisensi.es\/wp-content\/uploads\/2025\/07\/Tutti-Sensi-Landscape-Dark-Medium-Logo-scaled.png","contentUrl":"https:\/\/tuttisensi.es\/wp-content\/uploads\/2025\/07\/Tutti-Sensi-Landscape-Dark-Medium-Logo-scaled.png","width":2560,"height":1810,"caption":"Tutti Sensi"},"image":{"@id":"https:\/\/tuttisensi.es\/de\/#\/schema\/logo\/image\/"},"sameAs":["https:\/\/www.facebook.com\/p\/Tutti-Sensi-Portals-100086600102448\/","https:\/\/www.instagram.com\/tuttisensiportals\/"]}]}},"_links":{"self":[{"href":"https:\/\/tuttisensi.es\/de\/wp-json\/wp\/v2\/pages\/1125","targetHints":{"allow":["GET"]}}],"collection":[{"href":"https:\/\/tuttisensi.es\/de\/wp-json\/wp\/v2\/pages"}],"about":[{"href":"https:\/\/tuttisensi.es\/de\/wp-json\/wp\/v2\/types\/page"}],"author":[{"embeddable":true,"href":"https:\/\/tuttisensi.es\/de\/wp-json\/wp\/v2\/users\/2"}],"replies":[{"embeddable":true,"href":"https:\/\/tuttisensi.es\/de\/wp-json\/wp\/v2\/comments?post=1125"}],"version-history":[{"count":6,"href":"https:\/\/tuttisensi.es\/de\/wp-json\/wp\/v2\/pages\/1125\/revisions"}],"predecessor-version":[{"id":3079,"href":"https:\/\/tuttisensi.es\/de\/wp-json\/wp\/v2\/pages\/1125\/revisions\/3079"}],"wp:attachment":[{"href":"https:\/\/tuttisensi.es\/de\/wp-json\/wp\/v2\/media?parent=1125"}],"curies":[{"name":"wp","href":"https:\/\/api.w.org\/{rel}","templated":true}]}}