{"id":1133,"date":"2025-07-09T14:51:55","date_gmt":"2025-07-09T14:51:55","guid":{"rendered":"https:\/\/tuttisensi.es\/ueber-uns\/"},"modified":"2025-11-15T05:35:11","modified_gmt":"2025-11-15T05:35:11","slug":"ueber-uns","status":"publish","type":"page","link":"https:\/\/tuttisensi.es\/de\/ueber-uns\/","title":{"rendered":"\u00dcber uns"},"content":{"rendered":"\t\t<div data-elementor-type=\"wp-page\" data-elementor-id=\"1133\" class=\"elementor elementor-1133 elementor-44\" data-elementor-post-type=\"page\">\n\t\t\t\t<div class=\"elementor-element elementor-element-62dfab6 e-flex e-con-boxed e-con e-parent\" data-id=\"62dfab6\" data-element_type=\"container\" data-e-type=\"container\">\n\t\t\t\t\t<div class=\"e-con-inner\">\n\t\t\t\t<div class=\"elementor-element elementor-element-d06bc6c elementor-widget elementor-widget-spacer\" data-id=\"d06bc6c\" data-element_type=\"widget\" data-e-type=\"widget\" data-widget_type=\"spacer.default\">\n\t\t\t\t\t\t\t<div class=\"elementor-spacer\">\n\t\t\t<div class=\"elementor-spacer-inner\"><\/div>\n\t\t<\/div>\n\t\t\t\t\t\t<\/div>\n\t\t\t\t\t<\/div>\n\t\t\t\t<\/div>\n\t\t<div class=\"elementor-element elementor-element-4cb543e e-grid e-con-boxed e-con e-parent\" data-id=\"4cb543e\" data-element_type=\"container\" data-e-type=\"container\">\n\t\t\t\t\t<div class=\"e-con-inner\">\n\t\t<div class=\"elementor-element elementor-element-fadc325 e-con-full elementor-hidden-mobile e-flex e-con e-child\" data-id=\"fadc325\" data-element_type=\"container\" data-e-type=\"container\">\n\t\t\t\t<div class=\"elementor-element elementor-element-d2a1477 elementor-widget elementor-widget-image\" data-id=\"d2a1477\" data-element_type=\"widget\" data-e-type=\"widget\" data-widget_type=\"image.default\">\n\t\t\t\t\t\t\t\t\t\t\t\t\t\t\t<img fetchpriority=\"high\" decoding=\"async\" width=\"1080\" height=\"1080\" src=\"https:\/\/tuttisensi.es\/wp-content\/uploads\/2025\/07\/273656661_343688917635037_660491346978975921_n.jpeg\" class=\"attachment-2048x2048 size-2048x2048 wp-image-1056\" alt=\"\" srcset=\"https:\/\/tuttisensi.es\/wp-content\/uploads\/2025\/07\/273656661_343688917635037_660491346978975921_n.jpeg 1080w, https:\/\/tuttisensi.es\/wp-content\/uploads\/2025\/07\/273656661_343688917635037_660491346978975921_n-300x300.jpeg 300w, https:\/\/tuttisensi.es\/wp-content\/uploads\/2025\/07\/273656661_343688917635037_660491346978975921_n-1024x1024.jpeg 1024w, https:\/\/tuttisensi.es\/wp-content\/uploads\/2025\/07\/273656661_343688917635037_660491346978975921_n-150x150.jpeg 150w, https:\/\/tuttisensi.es\/wp-content\/uploads\/2025\/07\/273656661_343688917635037_660491346978975921_n-768x768.jpeg 768w\" sizes=\"(max-width: 1080px) 100vw, 1080px\" \/>\t\t\t\t\t\t\t\t\t\t\t\t\t\t\t<\/div>\n\t\t\t\t<div class=\"elementor-element elementor-element-48d5a94 elementor-widget elementor-widget-image\" data-id=\"48d5a94\" data-element_type=\"widget\" data-e-type=\"widget\" data-widget_type=\"image.default\">\n\t\t\t\t\t\t\t\t\t\t\t\t\t\t\t<img decoding=\"async\" width=\"1080\" height=\"1080\" src=\"https:\/\/tuttisensi.es\/wp-content\/uploads\/2025\/07\/313393874_560347929263161_3039778325713998294_n.jpeg\" class=\"attachment-2048x2048 size-2048x2048 wp-image-1066\" alt=\"\" srcset=\"https:\/\/tuttisensi.es\/wp-content\/uploads\/2025\/07\/313393874_560347929263161_3039778325713998294_n.jpeg 1080w, https:\/\/tuttisensi.es\/wp-content\/uploads\/2025\/07\/313393874_560347929263161_3039778325713998294_n-300x300.jpeg 300w, https:\/\/tuttisensi.es\/wp-content\/uploads\/2025\/07\/313393874_560347929263161_3039778325713998294_n-1024x1024.jpeg 1024w, https:\/\/tuttisensi.es\/wp-content\/uploads\/2025\/07\/313393874_560347929263161_3039778325713998294_n-150x150.jpeg 150w, https:\/\/tuttisensi.es\/wp-content\/uploads\/2025\/07\/313393874_560347929263161_3039778325713998294_n-768x768.jpeg 768w\" sizes=\"(max-width: 1080px) 100vw, 1080px\" \/>\t\t\t\t\t\t\t\t\t\t\t\t\t\t\t<\/div>\n\t\t\t\t<div class=\"elementor-element elementor-element-93eda9c elementor-widget elementor-widget-image\" data-id=\"93eda9c\" data-element_type=\"widget\" data-e-type=\"widget\" data-widget_type=\"image.default\">\n\t\t\t\t\t\t\t\t\t\t\t\t\t\t\t<img decoding=\"async\" width=\"1080\" height=\"1343\" src=\"https:\/\/tuttisensi.es\/wp-content\/uploads\/2025\/07\/436176065_439175541967607_7719973091996552426_n.jpg\" class=\"attachment-2048x2048 size-2048x2048 wp-image-1048\" alt=\"Imagen de cerca de una pizza italiana con masa gruessa, tomate, peperoni, mozzarella derretida y albahaca fresca en Tutti Sensi, el mejor restaurante en Puerto Portals, Calvi\u00e0, Palma de Mallorca.\" srcset=\"https:\/\/tuttisensi.es\/wp-content\/uploads\/2025\/07\/436176065_439175541967607_7719973091996552426_n.jpg 1080w, https:\/\/tuttisensi.es\/wp-content\/uploads\/2025\/07\/436176065_439175541967607_7719973091996552426_n-241x300.jpg 241w, https:\/\/tuttisensi.es\/wp-content\/uploads\/2025\/07\/436176065_439175541967607_7719973091996552426_n-823x1024.jpg 823w, https:\/\/tuttisensi.es\/wp-content\/uploads\/2025\/07\/436176065_439175541967607_7719973091996552426_n-768x955.jpg 768w\" sizes=\"(max-width: 1080px) 100vw, 1080px\" \/>\t\t\t\t\t\t\t\t\t\t\t\t\t\t\t<\/div>\n\t\t\t\t<div class=\"elementor-element elementor-element-831adb4 elementor-hidden-desktop elementor-hidden-tablet elementor-widget elementor-widget-image\" data-id=\"831adb4\" data-element_type=\"widget\" data-e-type=\"widget\" data-widget_type=\"image.default\">\n\t\t\t\t\t\t\t\t\t\t\t\t\t\t\t<img loading=\"lazy\" decoding=\"async\" width=\"1080\" height=\"1350\" src=\"https:\/\/tuttisensi.es\/wp-content\/uploads\/2025\/07\/310501657_1436841170135589_2662155112003742726_n.jpeg\" class=\"attachment-2048x2048 size-2048x2048 wp-image-1062\" alt=\"\" srcset=\"https:\/\/tuttisensi.es\/wp-content\/uploads\/2025\/07\/310501657_1436841170135589_2662155112003742726_n.jpeg 1080w, https:\/\/tuttisensi.es\/wp-content\/uploads\/2025\/07\/310501657_1436841170135589_2662155112003742726_n-240x300.jpeg 240w, https:\/\/tuttisensi.es\/wp-content\/uploads\/2025\/07\/310501657_1436841170135589_2662155112003742726_n-819x1024.jpeg 819w, https:\/\/tuttisensi.es\/wp-content\/uploads\/2025\/07\/310501657_1436841170135589_2662155112003742726_n-768x960.jpeg 768w\" sizes=\"(max-width: 1080px) 100vw, 1080px\" \/>\t\t\t\t\t\t\t\t\t\t\t\t\t\t\t<\/div>\n\t\t\t\t<\/div>\n\t\t<div class=\"elementor-element elementor-element-a300525 e-con-full e-flex e-con e-child\" data-id=\"a300525\" data-element_type=\"container\" data-e-type=\"container\">\n\t\t\t\t<div class=\"elementor-element elementor-element-6ed63fe elementor-widget elementor-widget-heading\" data-id=\"6ed63fe\" data-element_type=\"widget\" data-e-type=\"widget\" data-widget_type=\"heading.default\">\n\t\t\t\t\t<h3 class=\"elementor-heading-title elementor-size-default\">WAS UNS ANDERS MACHT<\/h3>\t\t\t\t<\/div>\n\t\t\t\t<div class=\"elementor-element elementor-element-afe1451 elementor-widget elementor-widget-heading\" data-id=\"afe1451\" data-element_type=\"widget\" data-e-type=\"widget\" data-widget_type=\"heading.default\">\n\t\t\t\t\t<h1 class=\"elementor-heading-title elementor-size-default\">\u00dcBER TUTTI SENSI<\/h1>\t\t\t\t<\/div>\n\t\t\t\t<div class=\"elementor-element elementor-element-4f45ec2 elementor-widget-divider--view-line elementor-widget elementor-widget-divider\" data-id=\"4f45ec2\" data-element_type=\"widget\" data-e-type=\"widget\" data-widget_type=\"divider.default\">\n\t\t\t\t\t\t\t<div class=\"elementor-divider\">\n\t\t\t<span class=\"elementor-divider-separator\">\n\t\t\t\t\t\t<\/span>\n\t\t<\/div>\n\t\t\t\t\t\t<\/div>\n\t\t\t\t<div class=\"elementor-element elementor-element-133d3b3 elementor-widget elementor-widget-text-editor\" data-id=\"133d3b3\" data-element_type=\"widget\" data-e-type=\"widget\" data-widget_type=\"text-editor.default\">\n\t\t\t\t\t\t\t\t\t<p data-start=\"118\" data-end=\"494\"><strong>Das Tutti Sensi ist ein italienisches Restaurant in Puerto Portals<\/strong>, das mediterrane Gastronomie, hochwertige Zutaten und herzlichen Service in einer privilegierten Umgebung am Meer miteinander verbindet. Wir bieten Ihnen <strong>ein frisches Fr\u00fchst\u00fcck, ein leichtes Mittagessen und ein besonderes Abendessen<\/strong> mit einer Speisekarte, die von hausgemachten<strong> Nudeln und r\u00f6mischen Pinsas bis hin zu handwerklichen Antipasti und Tr\u00fcffel- oder Burrata-Produkten reicht.<\/strong><\/p><p data-start=\"496\" data-end=\"762\">Unser Raum wurde f\u00fcr diejenigen entworfen, die Wert auf \u00c4sthetik, guten Geschmack und Ruhe legen. Nat\u00fcrliches Licht, edle Materialien und der <strong>Blick auf den Hafen<\/strong> schaffen eine intime, anspruchsvolle und entspannte Atmosph\u00e4re. Alles ist so konzipiert, dass Sie ohne Eile genie\u00dfen k\u00f6nnen.<\/p><p data-start=\"764\" data-end=\"1035\">Zus\u00e4tzlich zu unserer abwechslungsreichen Speisekarte bieten wir <strong>auch vegane, vegetarische und glutenfreie Optionen <\/strong>an, stets mit frischen und saisonalen Produkten. Wir werden von einer ehrlichen und sorgf\u00e4ltigen K\u00fcche angetrieben, die mit Seele zubereitet und von einem Team serviert wird, das sich vom ersten Moment an um jedes Erlebnis k\u00fcmmert.<\/p>\t\t\t\t\t\t\t\t<\/div>\n\t\t\t\t<div class=\"elementor-element elementor-element-e11744a elementor-widget elementor-widget-text-editor\" data-id=\"e11744a\" data-element_type=\"widget\" data-e-type=\"widget\" data-widget_type=\"text-editor.default\">\n\t\t\t\t\t\t\t\t\t<h2 data-start=\"118\" data-end=\"494\">Warum sollten Sie uns w\u00e4hlen?<\/h2>\t\t\t\t\t\t\t\t<\/div>\n\t\t\t\t<div class=\"elementor-element elementor-element-95e8494 elementor-widget elementor-widget-text-editor\" data-id=\"95e8494\" data-element_type=\"widget\" data-e-type=\"widget\" data-widget_type=\"text-editor.default\">\n\t\t\t\t\t\t\t\t\t<p data-start=\"2043\" data-end=\"2108\">Wir sind ein italienisches Restaurant in Puerto Portals mit einer unverwechselbaren K\u00fcche, die sich an alle richtet, die Qualit\u00e4t, pers\u00f6nlichen Service und ein umfassendes gastronomisches Erlebnis suchen. Wir bieten eine direkte Lieferung per Schiff, flexible Reservierungen und ein ausgewogenes Men\u00fc f\u00fcr jede Tageszeit. Unsere elegante Umgebung ist perfekt f\u00fcr Paare und ausgew\u00e4hlte Gruppen, mit einer privilegierten Lage und einfachem Zugang von See oder Land.<\/p>\t\t\t\t\t\t\t\t<\/div>\n\t\t\t\t<div class=\"elementor-element elementor-element-f8338c2 elementor-widget elementor-widget-text-editor\" data-id=\"f8338c2\" data-element_type=\"widget\" data-e-type=\"widget\" data-widget_type=\"text-editor.default\">\n\t\t\t\t\t\t\t\t\t<h2 data-start=\"118\" data-end=\"494\">Unsere Philosophie<\/h2>\t\t\t\t\t\t\t\t<\/div>\n\t\t\t\t<div class=\"elementor-element elementor-element-ca08777 elementor-widget elementor-widget-text-editor\" data-id=\"ca08777\" data-element_type=\"widget\" data-e-type=\"widget\" data-widget_type=\"text-editor.default\">\n\t\t\t\t\t\t\t\t\t<p data-start=\"238\" data-end=\"549\">Bei Tutti Sensi kochen wir nicht nur, wir schaffen lebendige Momente mit mediterraner Seele und zeitlosem Geschmack. Wir glauben an eine gem\u00fctliche K\u00fcche, Zutaten mit Geschichte und eine Gastfreundschaft, die Sie sp\u00fcren k\u00f6nnen. Wir haben uns von der nat\u00fcrlichen Eleganz und dem Rhythmus des Hafens inspirieren lassen. Jedes Detail, vom Gericht bis zum Ambiente, spiegelt unsere Vision wider: Ambiente, Authentizit\u00e4t und Charakter.<\/p>\t\t\t\t\t\t\t\t<\/div>\n\t\t\t\t<div class=\"elementor-element elementor-element-89f7520 elementor-widget elementor-widget-text-editor\" data-id=\"89f7520\" data-element_type=\"widget\" data-e-type=\"widget\" data-widget_type=\"text-editor.default\">\n\t\t\t\t\t\t\t\t\t<h2 data-start=\"118\" data-end=\"494\">Wo sind wir?<\/h2>\t\t\t\t\t\t\t\t<\/div>\n\t\t\t\t<div class=\"elementor-element elementor-element-75d36b1 elementor-widget elementor-widget-text-editor\" data-id=\"75d36b1\" data-element_type=\"widget\" data-e-type=\"widget\" data-widget_type=\"text-editor.default\">\n\t\t\t\t\t\t\t\t\t<p data-pm-slice=\"1 1 []\">Das Tutti Sensi befindet sich im Herzen von Puerto Portals, Mallorca, einem der exklusivsten H\u00e4fen Mallorcas. Perfekt f\u00fcr ein Abendessen nach einem Tag auf See, ein Fr\u00fchst\u00fcck vor dem Hafen oder eine ruhige Mahlzeit in einer ruhigen und detaillierten Atmosph\u00e4re.<\/p>\t\t\t\t\t\t\t\t<\/div>\n\t\t\t\t<\/div>\n\t\t\t\t\t<\/div>\n\t\t\t\t<\/div>\n\t\t<div class=\"elementor-element elementor-element-020b896 e-flex e-con-boxed e-con e-parent\" data-id=\"020b896\" data-element_type=\"container\" data-e-type=\"container\">\n\t\t\t\t\t<div class=\"e-con-inner\">\n\t\t\t\t<div class=\"elementor-element elementor-element-6b22a2f elementor-widget elementor-widget-spacer\" data-id=\"6b22a2f\" data-element_type=\"widget\" data-e-type=\"widget\" data-widget_type=\"spacer.default\">\n\t\t\t\t\t\t\t<div class=\"elementor-spacer\">\n\t\t\t<div class=\"elementor-spacer-inner\"><\/div>\n\t\t<\/div>\n\t\t\t\t\t\t<\/div>\n\t\t\t\t\t<\/div>\n\t\t\t\t<\/div>\n\t\t\t\t<\/div>\n\t\t","protected":false},"excerpt":{"rendered":"<p>WAS UNS ANDERS MACHT \u00dcBER TUTTI SENSI Das Tutti Sensi ist ein italienisches Restaurant in Puerto Portals, das mediterrane Gastronomie, hochwertige Zutaten und herzlichen Service in einer privilegierten Umgebung am Meer miteinander verbindet. Wir bieten Ihnen ein frisches Fr\u00fchst\u00fcck, ein leichtes Mittagessen und ein besonderes Abendessen mit einer Speisekarte, die von hausgemachten Nudeln und r\u00f6mischen [&hellip;]<\/p>\n","protected":false},"author":2,"featured_media":0,"parent":0,"menu_order":0,"comment_status":"closed","ping_status":"closed","template":"elementor_header_footer","meta":{"footnotes":""},"class_list":["post-1133","page","type-page","status-publish","hentry"],"yoast_head":"<!-- This site is optimized with the Yoast SEO plugin v27.5 - https:\/\/yoast.com\/product\/yoast-seo-wordpress\/ -->\n<title>\u00dcber uns - Tutti Sensi<\/title>\n<meta name=\"robots\" content=\"index, follow, max-snippet:-1, max-image-preview:large, max-video-preview:-1\" \/>\n<link rel=\"canonical\" href=\"https:\/\/tuttisensi.es\/de\/ueber-uns\/\" \/>\n<meta property=\"og:locale\" content=\"de_DE\" \/>\n<meta property=\"og:type\" content=\"article\" \/>\n<meta property=\"og:title\" content=\"\u00dcber uns - Tutti Sensi\" \/>\n<meta property=\"og:description\" content=\"WAS UNS ANDERS MACHT \u00dcBER TUTTI SENSI Das Tutti Sensi ist ein italienisches Restaurant in Puerto Portals, das mediterrane Gastronomie, hochwertige Zutaten und herzlichen Service in einer privilegierten Umgebung am Meer miteinander verbindet. Wir bieten Ihnen ein frisches Fr\u00fchst\u00fcck, ein leichtes Mittagessen und ein besonderes Abendessen mit einer Speisekarte, die von hausgemachten Nudeln und r\u00f6mischen [&hellip;]\" \/>\n<meta property=\"og:url\" content=\"https:\/\/tuttisensi.es\/de\/ueber-uns\/\" \/>\n<meta property=\"og:site_name\" content=\"Tutti Sensi\" \/>\n<meta property=\"article:publisher\" content=\"https:\/\/www.facebook.com\/p\/Tutti-Sensi-Portals-100086600102448\/\" \/>\n<meta property=\"article:modified_time\" content=\"2025-11-15T05:35:11+00:00\" \/>\n<meta property=\"og:image\" content=\"https:\/\/tuttisensi.es\/wp-content\/uploads\/2025\/07\/273656661_343688917635037_660491346978975921_n.jpeg\" \/>\n\t<meta property=\"og:image:width\" content=\"1080\" \/>\n\t<meta property=\"og:image:height\" content=\"1080\" \/>\n\t<meta property=\"og:image:type\" content=\"image\/jpeg\" \/>\n<meta name=\"twitter:card\" content=\"summary_large_image\" \/>\n<meta name=\"twitter:label1\" content=\"Gesch\u00e4tzte Lesezeit\" \/>\n\t<meta name=\"twitter:data1\" content=\"2\u00a0Minuten\" \/>\n<script type=\"application\/ld+json\" class=\"yoast-schema-graph\">{\"@context\":\"https:\\\/\\\/schema.org\",\"@graph\":[{\"@type\":\"WebPage\",\"@id\":\"https:\\\/\\\/tuttisensi.es\\\/de\\\/ueber-uns\\\/\",\"url\":\"https:\\\/\\\/tuttisensi.es\\\/de\\\/ueber-uns\\\/\",\"name\":\"\u00dcber uns - Tutti Sensi\",\"isPartOf\":{\"@id\":\"https:\\\/\\\/tuttisensi.es\\\/de\\\/#website\"},\"primaryImageOfPage\":{\"@id\":\"https:\\\/\\\/tuttisensi.es\\\/de\\\/ueber-uns\\\/#primaryimage\"},\"image\":{\"@id\":\"https:\\\/\\\/tuttisensi.es\\\/de\\\/ueber-uns\\\/#primaryimage\"},\"thumbnailUrl\":\"https:\\\/\\\/tuttisensi.es\\\/wp-content\\\/uploads\\\/2025\\\/07\\\/273656661_343688917635037_660491346978975921_n.jpeg\",\"datePublished\":\"2025-07-09T14:51:55+00:00\",\"dateModified\":\"2025-11-15T05:35:11+00:00\",\"breadcrumb\":{\"@id\":\"https:\\\/\\\/tuttisensi.es\\\/de\\\/ueber-uns\\\/#breadcrumb\"},\"inLanguage\":\"de\",\"potentialAction\":[{\"@type\":\"ReadAction\",\"target\":[\"https:\\\/\\\/tuttisensi.es\\\/de\\\/ueber-uns\\\/\"]}]},{\"@type\":\"ImageObject\",\"inLanguage\":\"de\",\"@id\":\"https:\\\/\\\/tuttisensi.es\\\/de\\\/ueber-uns\\\/#primaryimage\",\"url\":\"https:\\\/\\\/tuttisensi.es\\\/wp-content\\\/uploads\\\/2025\\\/07\\\/273656661_343688917635037_660491346978975921_n.jpeg\",\"contentUrl\":\"https:\\\/\\\/tuttisensi.es\\\/wp-content\\\/uploads\\\/2025\\\/07\\\/273656661_343688917635037_660491346978975921_n.jpeg\"},{\"@type\":\"BreadcrumbList\",\"@id\":\"https:\\\/\\\/tuttisensi.es\\\/de\\\/ueber-uns\\\/#breadcrumb\",\"itemListElement\":[{\"@type\":\"ListItem\",\"position\":1,\"name\":\"Hauptseite\",\"item\":\"https:\\\/\\\/tuttisensi.es\\\/de\\\/\"},{\"@type\":\"ListItem\",\"position\":2,\"name\":\"\u00dcber uns\"}]},{\"@type\":\"WebSite\",\"@id\":\"https:\\\/\\\/tuttisensi.es\\\/de\\\/#website\",\"url\":\"https:\\\/\\\/tuttisensi.es\\\/de\\\/\",\"name\":\"Tutti Sensi\",\"description\":\"Authentic Italian restaurant in Puerto Portals\",\"publisher\":{\"@id\":\"https:\\\/\\\/tuttisensi.es\\\/de\\\/#organization\"},\"potentialAction\":[{\"@type\":\"SearchAction\",\"target\":{\"@type\":\"EntryPoint\",\"urlTemplate\":\"https:\\\/\\\/tuttisensi.es\\\/de\\\/?s={search_term_string}\"},\"query-input\":{\"@type\":\"PropertyValueSpecification\",\"valueRequired\":true,\"valueName\":\"search_term_string\"}}],\"inLanguage\":\"de\"},{\"@type\":\"Organization\",\"@id\":\"https:\\\/\\\/tuttisensi.es\\\/de\\\/#organization\",\"name\":\"Tutti Sensi\",\"url\":\"https:\\\/\\\/tuttisensi.es\\\/de\\\/\",\"logo\":{\"@type\":\"ImageObject\",\"inLanguage\":\"de\",\"@id\":\"https:\\\/\\\/tuttisensi.es\\\/de\\\/#\\\/schema\\\/logo\\\/image\\\/\",\"url\":\"https:\\\/\\\/tuttisensi.es\\\/wp-content\\\/uploads\\\/2025\\\/07\\\/Tutti-Sensi-Landscape-Dark-Medium-Logo-scaled.png\",\"contentUrl\":\"https:\\\/\\\/tuttisensi.es\\\/wp-content\\\/uploads\\\/2025\\\/07\\\/Tutti-Sensi-Landscape-Dark-Medium-Logo-scaled.png\",\"width\":2560,\"height\":1810,\"caption\":\"Tutti Sensi\"},\"image\":{\"@id\":\"https:\\\/\\\/tuttisensi.es\\\/de\\\/#\\\/schema\\\/logo\\\/image\\\/\"},\"sameAs\":[\"https:\\\/\\\/www.facebook.com\\\/p\\\/Tutti-Sensi-Portals-100086600102448\\\/\",\"https:\\\/\\\/www.instagram.com\\\/tuttisensiportals\\\/\"]}]}<\/script>\n<!-- \/ Yoast SEO plugin. -->","yoast_head_json":{"title":"\u00dcber uns - Tutti Sensi","robots":{"index":"index","follow":"follow","max-snippet":"max-snippet:-1","max-image-preview":"max-image-preview:large","max-video-preview":"max-video-preview:-1"},"canonical":"https:\/\/tuttisensi.es\/de\/ueber-uns\/","og_locale":"de_DE","og_type":"article","og_title":"\u00dcber uns - Tutti Sensi","og_description":"WAS UNS ANDERS MACHT \u00dcBER TUTTI SENSI Das Tutti Sensi ist ein italienisches Restaurant in Puerto Portals, das mediterrane Gastronomie, hochwertige Zutaten und herzlichen Service in einer privilegierten Umgebung am Meer miteinander verbindet. Wir bieten Ihnen ein frisches Fr\u00fchst\u00fcck, ein leichtes Mittagessen und ein besonderes Abendessen mit einer Speisekarte, die von hausgemachten Nudeln und r\u00f6mischen [&hellip;]","og_url":"https:\/\/tuttisensi.es\/de\/ueber-uns\/","og_site_name":"Tutti Sensi","article_publisher":"https:\/\/www.facebook.com\/p\/Tutti-Sensi-Portals-100086600102448\/","article_modified_time":"2025-11-15T05:35:11+00:00","og_image":[{"width":1080,"height":1080,"url":"https:\/\/tuttisensi.es\/wp-content\/uploads\/2025\/07\/273656661_343688917635037_660491346978975921_n.jpeg","type":"image\/jpeg"}],"twitter_card":"summary_large_image","twitter_misc":{"Gesch\u00e4tzte Lesezeit":"2\u00a0Minuten"},"schema":{"@context":"https:\/\/schema.org","@graph":[{"@type":"WebPage","@id":"https:\/\/tuttisensi.es\/de\/ueber-uns\/","url":"https:\/\/tuttisensi.es\/de\/ueber-uns\/","name":"\u00dcber uns - Tutti Sensi","isPartOf":{"@id":"https:\/\/tuttisensi.es\/de\/#website"},"primaryImageOfPage":{"@id":"https:\/\/tuttisensi.es\/de\/ueber-uns\/#primaryimage"},"image":{"@id":"https:\/\/tuttisensi.es\/de\/ueber-uns\/#primaryimage"},"thumbnailUrl":"https:\/\/tuttisensi.es\/wp-content\/uploads\/2025\/07\/273656661_343688917635037_660491346978975921_n.jpeg","datePublished":"2025-07-09T14:51:55+00:00","dateModified":"2025-11-15T05:35:11+00:00","breadcrumb":{"@id":"https:\/\/tuttisensi.es\/de\/ueber-uns\/#breadcrumb"},"inLanguage":"de","potentialAction":[{"@type":"ReadAction","target":["https:\/\/tuttisensi.es\/de\/ueber-uns\/"]}]},{"@type":"ImageObject","inLanguage":"de","@id":"https:\/\/tuttisensi.es\/de\/ueber-uns\/#primaryimage","url":"https:\/\/tuttisensi.es\/wp-content\/uploads\/2025\/07\/273656661_343688917635037_660491346978975921_n.jpeg","contentUrl":"https:\/\/tuttisensi.es\/wp-content\/uploads\/2025\/07\/273656661_343688917635037_660491346978975921_n.jpeg"},{"@type":"BreadcrumbList","@id":"https:\/\/tuttisensi.es\/de\/ueber-uns\/#breadcrumb","itemListElement":[{"@type":"ListItem","position":1,"name":"Hauptseite","item":"https:\/\/tuttisensi.es\/de\/"},{"@type":"ListItem","position":2,"name":"\u00dcber uns"}]},{"@type":"WebSite","@id":"https:\/\/tuttisensi.es\/de\/#website","url":"https:\/\/tuttisensi.es\/de\/","name":"Tutti Sensi","description":"Authentic Italian restaurant in Puerto Portals","publisher":{"@id":"https:\/\/tuttisensi.es\/de\/#organization"},"potentialAction":[{"@type":"SearchAction","target":{"@type":"EntryPoint","urlTemplate":"https:\/\/tuttisensi.es\/de\/?s={search_term_string}"},"query-input":{"@type":"PropertyValueSpecification","valueRequired":true,"valueName":"search_term_string"}}],"inLanguage":"de"},{"@type":"Organization","@id":"https:\/\/tuttisensi.es\/de\/#organization","name":"Tutti Sensi","url":"https:\/\/tuttisensi.es\/de\/","logo":{"@type":"ImageObject","inLanguage":"de","@id":"https:\/\/tuttisensi.es\/de\/#\/schema\/logo\/image\/","url":"https:\/\/tuttisensi.es\/wp-content\/uploads\/2025\/07\/Tutti-Sensi-Landscape-Dark-Medium-Logo-scaled.png","contentUrl":"https:\/\/tuttisensi.es\/wp-content\/uploads\/2025\/07\/Tutti-Sensi-Landscape-Dark-Medium-Logo-scaled.png","width":2560,"height":1810,"caption":"Tutti Sensi"},"image":{"@id":"https:\/\/tuttisensi.es\/de\/#\/schema\/logo\/image\/"},"sameAs":["https:\/\/www.facebook.com\/p\/Tutti-Sensi-Portals-100086600102448\/","https:\/\/www.instagram.com\/tuttisensiportals\/"]}]}},"_links":{"self":[{"href":"https:\/\/tuttisensi.es\/de\/wp-json\/wp\/v2\/pages\/1133","targetHints":{"allow":["GET"]}}],"collection":[{"href":"https:\/\/tuttisensi.es\/de\/wp-json\/wp\/v2\/pages"}],"about":[{"href":"https:\/\/tuttisensi.es\/de\/wp-json\/wp\/v2\/types\/page"}],"author":[{"embeddable":true,"href":"https:\/\/tuttisensi.es\/de\/wp-json\/wp\/v2\/users\/2"}],"replies":[{"embeddable":true,"href":"https:\/\/tuttisensi.es\/de\/wp-json\/wp\/v2\/comments?post=1133"}],"version-history":[{"count":7,"href":"https:\/\/tuttisensi.es\/de\/wp-json\/wp\/v2\/pages\/1133\/revisions"}],"predecessor-version":[{"id":3171,"href":"https:\/\/tuttisensi.es\/de\/wp-json\/wp\/v2\/pages\/1133\/revisions\/3171"}],"wp:attachment":[{"href":"https:\/\/tuttisensi.es\/de\/wp-json\/wp\/v2\/media?parent=1133"}],"curies":[{"name":"wp","href":"https:\/\/api.w.org\/{rel}","templated":true}]}}