{"id":1141,"date":"2025-07-09T14:52:00","date_gmt":"2025-07-09T14:52:00","guid":{"rendered":"https:\/\/tuttisensi.es\/menue\/"},"modified":"2025-11-08T07:20:11","modified_gmt":"2025-11-08T07:20:11","slug":"menue","status":"publish","type":"page","link":"https:\/\/tuttisensi.es\/de\/menue\/","title":{"rendered":"Men\u00fc"},"content":{"rendered":"\t\t<div data-elementor-type=\"wp-page\" data-elementor-id=\"1141\" class=\"elementor elementor-1141 elementor-53\" data-elementor-post-type=\"page\">\n\t\t\t\t<div class=\"elementor-element elementor-element-f59ad1b e-flex e-con-boxed e-con e-parent\" data-id=\"f59ad1b\" data-element_type=\"container\" data-e-type=\"container\">\n\t\t\t\t\t<div class=\"e-con-inner\">\n\t\t\t\t<div class=\"elementor-element elementor-element-4406cdf elementor-widget elementor-widget-spacer\" data-id=\"4406cdf\" data-element_type=\"widget\" data-e-type=\"widget\" data-widget_type=\"spacer.default\">\n\t\t\t\t\t\t\t<div class=\"elementor-spacer\">\n\t\t\t<div class=\"elementor-spacer-inner\"><\/div>\n\t\t<\/div>\n\t\t\t\t\t\t<\/div>\n\t\t\t\t\t<\/div>\n\t\t\t\t<\/div>\n\t\t<div class=\"elementor-element elementor-element-b14ef99 e-con-full e-flex e-con e-parent\" data-id=\"b14ef99\" data-element_type=\"container\" data-e-type=\"container\" id=\"food_menu\">\n\t\t<div class=\"elementor-element elementor-element-3e7fcd61 e-con-full e-flex e-con e-child\" data-id=\"3e7fcd61\" data-element_type=\"container\" data-e-type=\"container\">\n\t\t\t\t<div class=\"elementor-element elementor-element-1ad9cd27 elementor-widget elementor-widget-heading\" data-id=\"1ad9cd27\" data-element_type=\"widget\" data-e-type=\"widget\" data-widget_type=\"heading.default\">\n\t\t\t\t\t<h3 class=\"elementor-heading-title elementor-size-default\">DIE KUNST, GUT ZU ESSEN<\/h3>\t\t\t\t<\/div>\n\t\t\t\t<div class=\"elementor-element elementor-element-72c55b2a elementor-widget elementor-widget-heading\" data-id=\"72c55b2a\" data-element_type=\"widget\" data-e-type=\"widget\" data-widget_type=\"heading.default\">\n\t\t\t\t\t<h1 class=\"elementor-heading-title elementor-size-default\">UNSERE CHARTA<\/h1>\t\t\t\t<\/div>\n\t\t\t\t<div class=\"elementor-element elementor-element-4df4d46e elementor-widget-divider--view-line elementor-widget elementor-widget-divider\" data-id=\"4df4d46e\" data-element_type=\"widget\" data-e-type=\"widget\" data-widget_type=\"divider.default\">\n\t\t\t\t\t\t\t<div class=\"elementor-divider\">\n\t\t\t<span class=\"elementor-divider-separator\">\n\t\t\t\t\t\t<\/span>\n\t\t<\/div>\n\t\t\t\t\t\t<\/div>\n\t\t\t\t<div class=\"elementor-element elementor-element-398a726f elementor-widget elementor-widget-text-editor\" data-id=\"398a726f\" data-element_type=\"widget\" data-e-type=\"widget\" data-widget_type=\"text-editor.default\">\n\t\t\t\t\t\t\t\t\t<p>Eine sorgf\u00e4ltig zusammengestellte Auswahl an <strong>mediterranen und italienischen Gerichten<\/strong>, perfekt f\u00fcr jeden Moment des Tages. <span style=\"text-align: start; caret-color: #000000; color: #000000; font-size: medium;\">Genie\u00dfen Sie sie im <strong>Restaurant Tutti Sensi<\/strong> oder direkt von Ihrem Boot aus \u2013<strong> zubereitet mit frischen Zutaten und authentischem Geschmack.<\/strong><\/span><\/p>\t\t\t\t\t\t\t\t<\/div>\n\t\t\t\t<div class=\"elementor-element elementor-element-be8446f elementor-widget elementor-widget-spacer\" data-id=\"be8446f\" data-element_type=\"widget\" data-e-type=\"widget\" data-widget_type=\"spacer.default\">\n\t\t\t\t\t\t\t<div class=\"elementor-spacer\">\n\t\t\t<div class=\"elementor-spacer-inner\"><\/div>\n\t\t<\/div>\n\t\t\t\t\t\t<\/div>\n\t\t\t\t<\/div>\n\t\t<div class=\"elementor-element elementor-element-ef7679a e-grid e-con-full e-con e-child\" data-id=\"ef7679a\" data-element_type=\"container\" data-e-type=\"container\" data-settings=\"{&quot;background_background&quot;:&quot;classic&quot;}\">\n\t\t\t\t<div class=\"elementor-element elementor-element-6c04c9f elementor-widget elementor-widget-image\" data-id=\"6c04c9f\" data-element_type=\"widget\" data-e-type=\"widget\" data-widget_type=\"image.default\">\n\t\t\t\t\t\t\t\t\t\t\t\t\t\t\t\t<a href=\"https:\/\/tuttisensi.es\/wp-content\/uploads\/2025\/09\/Tutti-Sensi-Portals-Menu.jpeg\" data-elementor-open-lightbox=\"yes\" data-elementor-lightbox-title=\"Tutti Sensi Portals Menu\" data-e-action-hash=\"#elementor-action%3Aaction%3Dlightbox%26settings%3DeyJpZCI6Mjc2MiwidXJsIjoiaHR0cHM6XC9cL3R1dHRpc2Vuc2kuZXNcL3dwLWNvbnRlbnRcL3VwbG9hZHNcLzIwMjVcLzA5XC9UdXR0aS1TZW5zaS1Qb3J0YWxzLU1lbnUuanBlZyJ9\">\n\t\t\t\t\t\t\t<img fetchpriority=\"high\" decoding=\"async\" width=\"733\" height=\"1024\" src=\"https:\/\/tuttisensi.es\/wp-content\/uploads\/2025\/09\/Tutti-Sensi-Portals-Menu-733x1024.jpeg\" class=\"attachment-large size-large wp-image-2762\" alt=\"\" srcset=\"https:\/\/tuttisensi.es\/wp-content\/uploads\/2025\/09\/Tutti-Sensi-Portals-Menu-733x1024.jpeg 733w, https:\/\/tuttisensi.es\/wp-content\/uploads\/2025\/09\/Tutti-Sensi-Portals-Menu-215x300.jpeg 215w, https:\/\/tuttisensi.es\/wp-content\/uploads\/2025\/09\/Tutti-Sensi-Portals-Menu-768x1074.jpeg 768w, https:\/\/tuttisensi.es\/wp-content\/uploads\/2025\/09\/Tutti-Sensi-Portals-Menu.jpeg 872w\" sizes=\"(max-width: 733px) 100vw, 733px\" \/>\t\t\t\t\t\t\t\t<\/a>\n\t\t\t\t\t\t\t\t\t\t\t\t\t\t\t<\/div>\n\t\t\t\t<div class=\"elementor-element elementor-element-16fef12 elementor-widget elementor-widget-image\" data-id=\"16fef12\" data-element_type=\"widget\" data-e-type=\"widget\" data-widget_type=\"image.default\">\n\t\t\t\t\t\t\t\t\t\t\t\t\t\t\t\t<a href=\"https:\/\/tuttisensi.es\/wp-content\/uploads\/2025\/09\/Tutti-Sensi-Portals-Drinks-Menu.jpeg\" data-elementor-open-lightbox=\"yes\" data-elementor-lightbox-title=\"Tutti Sensi Portals Drinks Menu\" data-e-action-hash=\"#elementor-action%3Aaction%3Dlightbox%26settings%3DeyJpZCI6Mjc2NSwidXJsIjoiaHR0cHM6XC9cL3R1dHRpc2Vuc2kuZXNcL3dwLWNvbnRlbnRcL3VwbG9hZHNcLzIwMjVcLzA5XC9UdXR0aS1TZW5zaS1Qb3J0YWxzLURyaW5rcy1NZW51LmpwZWcifQ%3D%3D\">\n\t\t\t\t\t\t\t<img decoding=\"async\" width=\"732\" height=\"1024\" src=\"https:\/\/tuttisensi.es\/wp-content\/uploads\/2025\/09\/Tutti-Sensi-Portals-Drinks-Menu-732x1024.jpeg\" class=\"attachment-large size-large wp-image-2765\" alt=\"\" srcset=\"https:\/\/tuttisensi.es\/wp-content\/uploads\/2025\/09\/Tutti-Sensi-Portals-Drinks-Menu-732x1024.jpeg 732w, https:\/\/tuttisensi.es\/wp-content\/uploads\/2025\/09\/Tutti-Sensi-Portals-Drinks-Menu-214x300.jpeg 214w, https:\/\/tuttisensi.es\/wp-content\/uploads\/2025\/09\/Tutti-Sensi-Portals-Drinks-Menu-768x1075.jpeg 768w, https:\/\/tuttisensi.es\/wp-content\/uploads\/2025\/09\/Tutti-Sensi-Portals-Drinks-Menu.jpeg 871w\" sizes=\"(max-width: 732px) 100vw, 732px\" \/>\t\t\t\t\t\t\t\t<\/a>\n\t\t\t\t\t\t\t\t\t\t\t\t\t\t\t<\/div>\n\t\t\t\t<\/div>\n\t\t\t\t<div class=\"elementor-element elementor-element-30c3871 elementor-widget elementor-widget-spacer\" data-id=\"30c3871\" data-element_type=\"widget\" data-e-type=\"widget\" data-widget_type=\"spacer.default\">\n\t\t\t\t\t\t\t<div class=\"elementor-spacer\">\n\t\t\t<div class=\"elementor-spacer-inner\"><\/div>\n\t\t<\/div>\n\t\t\t\t\t\t<\/div>\n\t\t<div class=\"elementor-element elementor-element-2ee1339 e-con-full e-flex e-con e-child\" data-id=\"2ee1339\" data-element_type=\"container\" data-e-type=\"container\">\n\t\t\t\t<div class=\"elementor-element elementor-element-690626d elementor-widget elementor-widget-heading\" data-id=\"690626d\" data-element_type=\"widget\" data-e-type=\"widget\" data-widget_type=\"heading.default\">\n\t\t\t\t\t<h3 class=\"elementor-heading-title elementor-size-default\">IHR TISCH WARTET AUF SIE<\/h3>\t\t\t\t<\/div>\n\t\t\t\t<div class=\"elementor-element elementor-element-8399075 elementor-widget elementor-widget-heading\" data-id=\"8399075\" data-element_type=\"widget\" data-e-type=\"widget\" data-widget_type=\"heading.default\">\n\t\t\t\t\t<h1 class=\"elementor-heading-title elementor-size-default\">EINEN TISCH RESERVIEREN<\/h1>\t\t\t\t<\/div>\n\t\t\t\t<div class=\"elementor-element elementor-element-c395ddd elementor-widget-divider--view-line elementor-widget elementor-widget-divider\" data-id=\"c395ddd\" data-element_type=\"widget\" data-e-type=\"widget\" data-widget_type=\"divider.default\">\n\t\t\t\t\t\t\t<div class=\"elementor-divider\">\n\t\t\t<span class=\"elementor-divider-separator\">\n\t\t\t\t\t\t<\/span>\n\t\t<\/div>\n\t\t\t\t\t\t<\/div>\n\t\t\t\t<div class=\"elementor-element elementor-element-a670925 elementor-widget elementor-widget-text-editor\" data-id=\"a670925\" data-element_type=\"widget\" data-e-type=\"widget\" data-widget_type=\"text-editor.default\">\n\t\t\t\t\t\t\t\t\t<p>Reservieren Sie jetzt und genie\u00dfen Sie einen einzigartigen und unvergesslichen Moment inmitten italienischer Aromen, aufmerksamen Service und der Meeresbrise. Das Erlebnis beginnt schon lange vor dem ersten Gang.<\/p>\t\t\t\t\t\t\t\t<\/div>\n\t\t\t\t<div class=\"elementor-element elementor-element-257dd65 elementor-align-center elementor-mobile-align-center elementor-widget elementor-widget-button\" data-id=\"257dd65\" data-element_type=\"widget\" data-e-type=\"widget\" data-widget_type=\"button.default\">\n\t\t\t\t\t\t\t\t\t\t<a class=\"elementor-button elementor-button-link elementor-size-sm\" href=\"https:\/\/tuttisensi.es\/de\/reservierungen\/\" reservas=\"\">\n\t\t\t\t\t\t<span class=\"elementor-button-content-wrapper\">\n\t\t\t\t\t\t\t\t\t<span class=\"elementor-button-text\">Jetzt buchen<\/span>\n\t\t\t\t\t<\/span>\n\t\t\t\t\t<\/a>\n\t\t\t\t\t\t\t\t<\/div>\n\t\t\t\t<div class=\"elementor-element elementor-element-cb8184b elementor-widget elementor-widget-spacer\" data-id=\"cb8184b\" data-element_type=\"widget\" data-e-type=\"widget\" data-widget_type=\"spacer.default\">\n\t\t\t\t\t\t\t<div class=\"elementor-spacer\">\n\t\t\t<div class=\"elementor-spacer-inner\"><\/div>\n\t\t<\/div>\n\t\t\t\t\t\t<\/div>\n\t\t\t\t<\/div>\n\t\t\t\t<\/div>\n\t\t\t\t<\/div>\n\t\t","protected":false},"excerpt":{"rendered":"<p>DIE KUNST, GUT ZU ESSEN UNSERE CHARTA Eine sorgf\u00e4ltig zusammengestellte Auswahl an mediterranen und italienischen Gerichten, perfekt f\u00fcr jeden Moment des Tages. Genie\u00dfen Sie sie im Restaurant Tutti Sensi oder direkt von Ihrem Boot aus \u2013 zubereitet mit frischen Zutaten und authentischem Geschmack. IHR TISCH WARTET AUF SIE EINEN TISCH RESERVIEREN Reservieren Sie jetzt und [&hellip;]<\/p>\n","protected":false},"author":2,"featured_media":0,"parent":0,"menu_order":0,"comment_status":"closed","ping_status":"closed","template":"elementor_header_footer","meta":{"footnotes":""},"class_list":["post-1141","page","type-page","status-publish","hentry"],"yoast_head":"<!-- This site is optimized with the Yoast SEO plugin v27.5 - https:\/\/yoast.com\/product\/yoast-seo-wordpress\/ -->\n<title>Men\u00fc - Tutti Sensi<\/title>\n<meta name=\"robots\" content=\"index, follow, max-snippet:-1, max-image-preview:large, max-video-preview:-1\" \/>\n<link rel=\"canonical\" href=\"https:\/\/tuttisensi.es\/de\/menue\/\" \/>\n<meta property=\"og:locale\" content=\"de_DE\" \/>\n<meta property=\"og:type\" content=\"article\" \/>\n<meta property=\"og:title\" content=\"Men\u00fc - Tutti Sensi\" \/>\n<meta property=\"og:description\" content=\"DIE KUNST, GUT ZU ESSEN UNSERE CHARTA Eine sorgf\u00e4ltig zusammengestellte Auswahl an mediterranen und italienischen Gerichten, perfekt f\u00fcr jeden Moment des Tages. Genie\u00dfen Sie sie im Restaurant Tutti Sensi oder direkt von Ihrem Boot aus \u2013 zubereitet mit frischen Zutaten und authentischem Geschmack. IHR TISCH WARTET AUF SIE EINEN TISCH RESERVIEREN Reservieren Sie jetzt und [&hellip;]\" \/>\n<meta property=\"og:url\" content=\"https:\/\/tuttisensi.es\/de\/menue\/\" \/>\n<meta property=\"og:site_name\" content=\"Tutti Sensi\" \/>\n<meta property=\"article:publisher\" content=\"https:\/\/www.facebook.com\/p\/Tutti-Sensi-Portals-100086600102448\/\" \/>\n<meta property=\"article:modified_time\" content=\"2025-11-08T07:20:11+00:00\" \/>\n<meta property=\"og:image\" content=\"https:\/\/tuttisensi.es\/wp-content\/uploads\/2025\/09\/Tutti-Sensi-Portals-Menu.jpeg\" \/>\n\t<meta property=\"og:image:width\" content=\"872\" \/>\n\t<meta property=\"og:image:height\" content=\"1219\" \/>\n\t<meta property=\"og:image:type\" content=\"image\/jpeg\" \/>\n<meta name=\"twitter:card\" content=\"summary_large_image\" \/>\n<meta name=\"twitter:label1\" content=\"Gesch\u00e4tzte Lesezeit\" \/>\n\t<meta name=\"twitter:data1\" content=\"1\u00a0Minute\" \/>\n<script type=\"application\/ld+json\" class=\"yoast-schema-graph\">{\"@context\":\"https:\\\/\\\/schema.org\",\"@graph\":[{\"@type\":\"WebPage\",\"@id\":\"https:\\\/\\\/tuttisensi.es\\\/de\\\/menue\\\/\",\"url\":\"https:\\\/\\\/tuttisensi.es\\\/de\\\/menue\\\/\",\"name\":\"Men\u00fc - Tutti Sensi\",\"isPartOf\":{\"@id\":\"https:\\\/\\\/tuttisensi.es\\\/de\\\/#website\"},\"primaryImageOfPage\":{\"@id\":\"https:\\\/\\\/tuttisensi.es\\\/de\\\/menue\\\/#primaryimage\"},\"image\":{\"@id\":\"https:\\\/\\\/tuttisensi.es\\\/de\\\/menue\\\/#primaryimage\"},\"thumbnailUrl\":\"https:\\\/\\\/tuttisensi.es\\\/wp-content\\\/uploads\\\/2025\\\/09\\\/Tutti-Sensi-Portals-Menu-733x1024.jpeg\",\"datePublished\":\"2025-07-09T14:52:00+00:00\",\"dateModified\":\"2025-11-08T07:20:11+00:00\",\"breadcrumb\":{\"@id\":\"https:\\\/\\\/tuttisensi.es\\\/de\\\/menue\\\/#breadcrumb\"},\"inLanguage\":\"de\",\"potentialAction\":[{\"@type\":\"ReadAction\",\"target\":[\"https:\\\/\\\/tuttisensi.es\\\/de\\\/menue\\\/\"]}]},{\"@type\":\"ImageObject\",\"inLanguage\":\"de\",\"@id\":\"https:\\\/\\\/tuttisensi.es\\\/de\\\/menue\\\/#primaryimage\",\"url\":\"https:\\\/\\\/tuttisensi.es\\\/wp-content\\\/uploads\\\/2025\\\/09\\\/Tutti-Sensi-Portals-Menu-733x1024.jpeg\",\"contentUrl\":\"https:\\\/\\\/tuttisensi.es\\\/wp-content\\\/uploads\\\/2025\\\/09\\\/Tutti-Sensi-Portals-Menu-733x1024.jpeg\"},{\"@type\":\"BreadcrumbList\",\"@id\":\"https:\\\/\\\/tuttisensi.es\\\/de\\\/menue\\\/#breadcrumb\",\"itemListElement\":[{\"@type\":\"ListItem\",\"position\":1,\"name\":\"Hauptseite\",\"item\":\"https:\\\/\\\/tuttisensi.es\\\/de\\\/\"},{\"@type\":\"ListItem\",\"position\":2,\"name\":\"Men\u00fc\"}]},{\"@type\":\"WebSite\",\"@id\":\"https:\\\/\\\/tuttisensi.es\\\/de\\\/#website\",\"url\":\"https:\\\/\\\/tuttisensi.es\\\/de\\\/\",\"name\":\"Tutti Sensi\",\"description\":\"Authentic Italian restaurant in Puerto Portals\",\"publisher\":{\"@id\":\"https:\\\/\\\/tuttisensi.es\\\/de\\\/#organization\"},\"potentialAction\":[{\"@type\":\"SearchAction\",\"target\":{\"@type\":\"EntryPoint\",\"urlTemplate\":\"https:\\\/\\\/tuttisensi.es\\\/de\\\/?s={search_term_string}\"},\"query-input\":{\"@type\":\"PropertyValueSpecification\",\"valueRequired\":true,\"valueName\":\"search_term_string\"}}],\"inLanguage\":\"de\"},{\"@type\":\"Organization\",\"@id\":\"https:\\\/\\\/tuttisensi.es\\\/de\\\/#organization\",\"name\":\"Tutti Sensi\",\"url\":\"https:\\\/\\\/tuttisensi.es\\\/de\\\/\",\"logo\":{\"@type\":\"ImageObject\",\"inLanguage\":\"de\",\"@id\":\"https:\\\/\\\/tuttisensi.es\\\/de\\\/#\\\/schema\\\/logo\\\/image\\\/\",\"url\":\"https:\\\/\\\/tuttisensi.es\\\/wp-content\\\/uploads\\\/2025\\\/07\\\/Tutti-Sensi-Landscape-Dark-Medium-Logo-scaled.png\",\"contentUrl\":\"https:\\\/\\\/tuttisensi.es\\\/wp-content\\\/uploads\\\/2025\\\/07\\\/Tutti-Sensi-Landscape-Dark-Medium-Logo-scaled.png\",\"width\":2560,\"height\":1810,\"caption\":\"Tutti Sensi\"},\"image\":{\"@id\":\"https:\\\/\\\/tuttisensi.es\\\/de\\\/#\\\/schema\\\/logo\\\/image\\\/\"},\"sameAs\":[\"https:\\\/\\\/www.facebook.com\\\/p\\\/Tutti-Sensi-Portals-100086600102448\\\/\",\"https:\\\/\\\/www.instagram.com\\\/tuttisensiportals\\\/\"]}]}<\/script>\n<!-- \/ Yoast SEO plugin. -->","yoast_head_json":{"title":"Men\u00fc - Tutti Sensi","robots":{"index":"index","follow":"follow","max-snippet":"max-snippet:-1","max-image-preview":"max-image-preview:large","max-video-preview":"max-video-preview:-1"},"canonical":"https:\/\/tuttisensi.es\/de\/menue\/","og_locale":"de_DE","og_type":"article","og_title":"Men\u00fc - Tutti Sensi","og_description":"DIE KUNST, GUT ZU ESSEN UNSERE CHARTA Eine sorgf\u00e4ltig zusammengestellte Auswahl an mediterranen und italienischen Gerichten, perfekt f\u00fcr jeden Moment des Tages. Genie\u00dfen Sie sie im Restaurant Tutti Sensi oder direkt von Ihrem Boot aus \u2013 zubereitet mit frischen Zutaten und authentischem Geschmack. IHR TISCH WARTET AUF SIE EINEN TISCH RESERVIEREN Reservieren Sie jetzt und [&hellip;]","og_url":"https:\/\/tuttisensi.es\/de\/menue\/","og_site_name":"Tutti Sensi","article_publisher":"https:\/\/www.facebook.com\/p\/Tutti-Sensi-Portals-100086600102448\/","article_modified_time":"2025-11-08T07:20:11+00:00","og_image":[{"width":872,"height":1219,"url":"https:\/\/tuttisensi.es\/wp-content\/uploads\/2025\/09\/Tutti-Sensi-Portals-Menu.jpeg","type":"image\/jpeg"}],"twitter_card":"summary_large_image","twitter_misc":{"Gesch\u00e4tzte Lesezeit":"1\u00a0Minute"},"schema":{"@context":"https:\/\/schema.org","@graph":[{"@type":"WebPage","@id":"https:\/\/tuttisensi.es\/de\/menue\/","url":"https:\/\/tuttisensi.es\/de\/menue\/","name":"Men\u00fc - Tutti Sensi","isPartOf":{"@id":"https:\/\/tuttisensi.es\/de\/#website"},"primaryImageOfPage":{"@id":"https:\/\/tuttisensi.es\/de\/menue\/#primaryimage"},"image":{"@id":"https:\/\/tuttisensi.es\/de\/menue\/#primaryimage"},"thumbnailUrl":"https:\/\/tuttisensi.es\/wp-content\/uploads\/2025\/09\/Tutti-Sensi-Portals-Menu-733x1024.jpeg","datePublished":"2025-07-09T14:52:00+00:00","dateModified":"2025-11-08T07:20:11+00:00","breadcrumb":{"@id":"https:\/\/tuttisensi.es\/de\/menue\/#breadcrumb"},"inLanguage":"de","potentialAction":[{"@type":"ReadAction","target":["https:\/\/tuttisensi.es\/de\/menue\/"]}]},{"@type":"ImageObject","inLanguage":"de","@id":"https:\/\/tuttisensi.es\/de\/menue\/#primaryimage","url":"https:\/\/tuttisensi.es\/wp-content\/uploads\/2025\/09\/Tutti-Sensi-Portals-Menu-733x1024.jpeg","contentUrl":"https:\/\/tuttisensi.es\/wp-content\/uploads\/2025\/09\/Tutti-Sensi-Portals-Menu-733x1024.jpeg"},{"@type":"BreadcrumbList","@id":"https:\/\/tuttisensi.es\/de\/menue\/#breadcrumb","itemListElement":[{"@type":"ListItem","position":1,"name":"Hauptseite","item":"https:\/\/tuttisensi.es\/de\/"},{"@type":"ListItem","position":2,"name":"Men\u00fc"}]},{"@type":"WebSite","@id":"https:\/\/tuttisensi.es\/de\/#website","url":"https:\/\/tuttisensi.es\/de\/","name":"Tutti Sensi","description":"Authentic Italian restaurant in Puerto Portals","publisher":{"@id":"https:\/\/tuttisensi.es\/de\/#organization"},"potentialAction":[{"@type":"SearchAction","target":{"@type":"EntryPoint","urlTemplate":"https:\/\/tuttisensi.es\/de\/?s={search_term_string}"},"query-input":{"@type":"PropertyValueSpecification","valueRequired":true,"valueName":"search_term_string"}}],"inLanguage":"de"},{"@type":"Organization","@id":"https:\/\/tuttisensi.es\/de\/#organization","name":"Tutti Sensi","url":"https:\/\/tuttisensi.es\/de\/","logo":{"@type":"ImageObject","inLanguage":"de","@id":"https:\/\/tuttisensi.es\/de\/#\/schema\/logo\/image\/","url":"https:\/\/tuttisensi.es\/wp-content\/uploads\/2025\/07\/Tutti-Sensi-Landscape-Dark-Medium-Logo-scaled.png","contentUrl":"https:\/\/tuttisensi.es\/wp-content\/uploads\/2025\/07\/Tutti-Sensi-Landscape-Dark-Medium-Logo-scaled.png","width":2560,"height":1810,"caption":"Tutti Sensi"},"image":{"@id":"https:\/\/tuttisensi.es\/de\/#\/schema\/logo\/image\/"},"sameAs":["https:\/\/www.facebook.com\/p\/Tutti-Sensi-Portals-100086600102448\/","https:\/\/www.instagram.com\/tuttisensiportals\/"]}]}},"_links":{"self":[{"href":"https:\/\/tuttisensi.es\/de\/wp-json\/wp\/v2\/pages\/1141","targetHints":{"allow":["GET"]}}],"collection":[{"href":"https:\/\/tuttisensi.es\/de\/wp-json\/wp\/v2\/pages"}],"about":[{"href":"https:\/\/tuttisensi.es\/de\/wp-json\/wp\/v2\/types\/page"}],"author":[{"embeddable":true,"href":"https:\/\/tuttisensi.es\/de\/wp-json\/wp\/v2\/users\/2"}],"replies":[{"embeddable":true,"href":"https:\/\/tuttisensi.es\/de\/wp-json\/wp\/v2\/comments?post=1141"}],"version-history":[{"count":11,"href":"https:\/\/tuttisensi.es\/de\/wp-json\/wp\/v2\/pages\/1141\/revisions"}],"predecessor-version":[{"id":3082,"href":"https:\/\/tuttisensi.es\/de\/wp-json\/wp\/v2\/pages\/1141\/revisions\/3082"}],"wp:attachment":[{"href":"https:\/\/tuttisensi.es\/de\/wp-json\/wp\/v2\/media?parent=1141"}],"curies":[{"name":"wp","href":"https:\/\/api.w.org\/{rel}","templated":true}]}}