{"id":1157,"date":"2025-07-09T14:51:52","date_gmt":"2025-07-09T14:51:52","guid":{"rendered":"https:\/\/tuttisensi.es\/ereignisse\/"},"modified":"2025-11-08T07:21:27","modified_gmt":"2025-11-08T07:21:27","slug":"ereignisse","status":"publish","type":"page","link":"https:\/\/tuttisensi.es\/de\/ereignisse\/","title":{"rendered":"Ereignisse"},"content":{"rendered":"\t\t<div data-elementor-type=\"wp-page\" data-elementor-id=\"1157\" class=\"elementor elementor-1157 elementor-32\" data-elementor-post-type=\"page\">\n\t\t\t\t<div class=\"elementor-element elementor-element-236abeb e-flex e-con-boxed e-con e-parent\" data-id=\"236abeb\" data-element_type=\"container\" data-e-type=\"container\">\n\t\t\t\t\t<div class=\"e-con-inner\">\n\t\t\t\t<div class=\"elementor-element elementor-element-70c9207 elementor-widget elementor-widget-spacer\" data-id=\"70c9207\" data-element_type=\"widget\" data-e-type=\"widget\" data-widget_type=\"spacer.default\">\n\t\t\t\t\t\t\t<div class=\"elementor-spacer\">\n\t\t\t<div class=\"elementor-spacer-inner\"><\/div>\n\t\t<\/div>\n\t\t\t\t\t\t<\/div>\n\t\t\t\t\t<\/div>\n\t\t\t\t<\/div>\n\t\t<div class=\"elementor-element elementor-element-5a23d7c3 e-flex e-con-boxed e-con e-parent\" data-id=\"5a23d7c3\" data-element_type=\"container\" data-e-type=\"container\">\n\t\t\t\t\t<div class=\"e-con-inner\">\n\t\t\t\t<div class=\"elementor-element elementor-element-3a1701e0 elementor-widget elementor-widget-heading\" data-id=\"3a1701e0\" data-element_type=\"widget\" data-e-type=\"widget\" data-widget_type=\"heading.default\">\n\t\t\t\t\t<h3 class=\"elementor-heading-title elementor-size-default\">BESONDERE VERANSTALTUNGEN<\/h3>\t\t\t\t<\/div>\n\t\t\t\t<div class=\"elementor-element elementor-element-1c506500 elementor-widget elementor-widget-heading\" data-id=\"1c506500\" data-element_type=\"widget\" data-e-type=\"widget\" data-widget_type=\"heading.default\">\n\t\t\t\t\t<h1 class=\"elementor-heading-title elementor-size-default\">Privates Catering und Marktst\u00e4nde in Puerto Portals<\/h1>\t\t\t\t<\/div>\n\t\t\t\t<div class=\"elementor-element elementor-element-55af418e elementor-widget-divider--view-line elementor-widget elementor-widget-divider\" data-id=\"55af418e\" data-element_type=\"widget\" data-e-type=\"widget\" data-widget_type=\"divider.default\">\n\t\t\t\t\t\t\t<div class=\"elementor-divider\">\n\t\t\t<span class=\"elementor-divider-separator\">\n\t\t\t\t\t\t<\/span>\n\t\t<\/div>\n\t\t\t\t\t\t<\/div>\n\t\t\t\t<div class=\"elementor-element elementor-element-22184684 elementor-widget elementor-widget-text-editor\" data-id=\"22184684\" data-element_type=\"widget\" data-e-type=\"widget\" data-widget_type=\"text-editor.default\">\n\t\t\t\t\t\t\t\t\t<p>Wir bieten <strong>privates Catering auf Mallorca<\/strong>, ma\u00dfgeschneiderte Veranstaltungen f\u00fcr Feiern oder Meetings sowie Marktst\u00e4nde in <strong>Puerto Portals<\/strong>. Alles mit charakteristischer K\u00fcche und luxuri\u00f6ser Pr\u00e4sentation. <\/p>\t\t\t\t\t\t\t\t<\/div>\n\t\t\t\t<div class=\"elementor-element elementor-element-9cd7ea9 elementor-widget elementor-widget-spacer\" data-id=\"9cd7ea9\" data-element_type=\"widget\" data-e-type=\"widget\" data-widget_type=\"spacer.default\">\n\t\t\t\t\t\t\t<div class=\"elementor-spacer\">\n\t\t\t<div class=\"elementor-spacer-inner\"><\/div>\n\t\t<\/div>\n\t\t\t\t\t\t<\/div>\n\t\t\t\t\t<\/div>\n\t\t\t\t<\/div>\n\t\t<div class=\"elementor-element elementor-element-2bd9302 e-grid e-con-boxed e-con e-parent\" data-id=\"2bd9302\" data-element_type=\"container\" data-e-type=\"container\">\n\t\t\t\t\t<div class=\"e-con-inner\">\n\t\t<div class=\"elementor-element elementor-element-22d24ee e-flex e-con-boxed e-con e-child\" data-id=\"22d24ee\" data-element_type=\"container\" data-e-type=\"container\">\n\t\t\t\t\t<div class=\"e-con-inner\">\n\t\t<div class=\"elementor-element elementor-element-3e73e77 e-con-full e-flex e-con e-child\" data-id=\"3e73e77\" data-element_type=\"container\" data-e-type=\"container\">\n\t\t\t\t<div class=\"elementor-element elementor-element-e2baf5f elementor-widget elementor-widget-image\" data-id=\"e2baf5f\" data-element_type=\"widget\" data-e-type=\"widget\" data-widget_type=\"image.default\">\n\t\t\t\t\t\t\t\t\t\t\t\t\t\t\t<img fetchpriority=\"high\" decoding=\"async\" width=\"800\" height=\"800\" src=\"https:\/\/tuttisensi.es\/wp-content\/uploads\/2025\/07\/9a48fab2-0dd3-4334-adcc-d6631ba99a57.jpg\" class=\"attachment-large size-large wp-image-1319\" alt=\"\" srcset=\"https:\/\/tuttisensi.es\/wp-content\/uploads\/2025\/07\/9a48fab2-0dd3-4334-adcc-d6631ba99a57.jpg 1024w, https:\/\/tuttisensi.es\/wp-content\/uploads\/2025\/07\/9a48fab2-0dd3-4334-adcc-d6631ba99a57-300x300.jpg 300w, https:\/\/tuttisensi.es\/wp-content\/uploads\/2025\/07\/9a48fab2-0dd3-4334-adcc-d6631ba99a57-150x150.jpg 150w, https:\/\/tuttisensi.es\/wp-content\/uploads\/2025\/07\/9a48fab2-0dd3-4334-adcc-d6631ba99a57-768x768.jpg 768w\" sizes=\"(max-width: 800px) 100vw, 800px\" \/>\t\t\t\t\t\t\t\t\t\t\t\t\t\t\t<\/div>\n\t\t\t\t<\/div>\n\t\t\t\t<div class=\"elementor-element elementor-element-2dfd10d elementor-widget elementor-widget-heading\" data-id=\"2dfd10d\" data-element_type=\"widget\" data-e-type=\"widget\" data-widget_type=\"heading.default\">\n\t\t\t\t\t<h2 class=\"elementor-heading-title elementor-size-default\">La Ca\u00f1a Del Caribe<\/h2>\t\t\t\t<\/div>\n\t\t\t\t<div class=\"elementor-element elementor-element-19732bb elementor-widget elementor-widget-text-editor\" data-id=\"19732bb\" data-element_type=\"widget\" data-e-type=\"widget\" data-widget_type=\"text-editor.default\">\n\t\t\t\t\t\t\t\t\t<p>Stand auf dem Sonnenuntergangsmarkt in Puerto Portals<\/p>\t\t\t\t\t\t\t\t<\/div>\n\t\t\t\t\t<\/div>\n\t\t\t\t<\/div>\n\t\t<div class=\"elementor-element elementor-element-b299370 e-flex e-con-boxed e-con e-child\" data-id=\"b299370\" data-element_type=\"container\" data-e-type=\"container\">\n\t\t\t\t\t<div class=\"e-con-inner\">\n\t\t<div class=\"elementor-element elementor-element-bc0c721 e-con-full e-flex e-con e-child\" data-id=\"bc0c721\" data-element_type=\"container\" data-e-type=\"container\">\n\t\t\t\t<div class=\"elementor-element elementor-element-ebe46e6 elementor-widget elementor-widget-image\" data-id=\"ebe46e6\" data-element_type=\"widget\" data-e-type=\"widget\" data-widget_type=\"image.default\">\n\t\t\t\t\t\t\t\t\t\t\t\t\t\t\t<img decoding=\"async\" width=\"585\" height=\"521\" src=\"https:\/\/tuttisensi.es\/wp-content\/uploads\/2025\/07\/9548fef8-59e0-4b80-a61f-fa48ffedccec-e1753025814787.jpg\" class=\"attachment-large size-large wp-image-1316\" alt=\"\" \/>\t\t\t\t\t\t\t\t\t\t\t\t\t\t\t<\/div>\n\t\t\t\t<\/div>\n\t\t\t\t<div class=\"elementor-element elementor-element-bba498d elementor-widget elementor-widget-heading\" data-id=\"bba498d\" data-element_type=\"widget\" data-e-type=\"widget\" data-widget_type=\"heading.default\">\n\t\t\t\t\t<h2 class=\"elementor-heading-title elementor-size-default\">Crepes and more<\/h2>\t\t\t\t<\/div>\n\t\t\t\t<div class=\"elementor-element elementor-element-b717808 elementor-widget elementor-widget-text-editor\" data-id=\"b717808\" data-element_type=\"widget\" data-e-type=\"widget\" data-widget_type=\"text-editor.default\">\n\t\t\t\t\t\t\t\t\t<p>Stand auf dem Weihnachtsmarkt in Puerto Portals<\/p>\t\t\t\t\t\t\t\t<\/div>\n\t\t\t\t\t<\/div>\n\t\t\t\t<\/div>\n\t\t\t\t\t<\/div>\n\t\t\t\t<\/div>\n\t\t<div class=\"elementor-element elementor-element-2689aa0 e-flex e-con-boxed e-con e-parent\" data-id=\"2689aa0\" data-element_type=\"container\" data-e-type=\"container\">\n\t\t\t\t\t<div class=\"e-con-inner\">\n\t\t\t\t<div class=\"elementor-element elementor-element-f9ca1a2 elementor-widget elementor-widget-spacer\" data-id=\"f9ca1a2\" data-element_type=\"widget\" data-e-type=\"widget\" data-widget_type=\"spacer.default\">\n\t\t\t\t\t\t\t<div class=\"elementor-spacer\">\n\t\t\t<div class=\"elementor-spacer-inner\"><\/div>\n\t\t<\/div>\n\t\t\t\t\t\t<\/div>\n\t\t\t\t\t<\/div>\n\t\t\t\t<\/div>\n\t\t<div class=\"elementor-element elementor-element-36374c5 e-flex e-con-boxed e-con e-parent\" data-id=\"36374c5\" data-element_type=\"container\" data-e-type=\"container\">\n\t\t\t\t\t<div class=\"e-con-inner\">\n\t\t\t\t<div class=\"elementor-element elementor-element-2182176 elementor-widget elementor-widget-heading\" data-id=\"2182176\" data-element_type=\"widget\" data-e-type=\"widget\" data-widget_type=\"heading.default\">\n\t\t\t\t\t<h3 class=\"elementor-heading-title elementor-size-default\">Feiern Sie mit uns<\/h3>\t\t\t\t<\/div>\n\t\t\t\t<div class=\"elementor-element elementor-element-d2f263e elementor-widget elementor-widget-heading\" data-id=\"d2f263e\" data-element_type=\"widget\" data-e-type=\"widget\" data-widget_type=\"heading.default\">\n\t\t\t\t\t<h1 class=\"elementor-heading-title elementor-size-default\">Organisieren Sie Ihre Veranstaltung mit uns in Puerto Portals<\/h1>\t\t\t\t<\/div>\n\t\t\t\t<div class=\"elementor-element elementor-element-1d21b9e elementor-widget elementor-widget-text-editor\" data-id=\"1d21b9e\" data-element_type=\"widget\" data-e-type=\"widget\" data-widget_type=\"text-editor.default\">\n\t\t\t\t\t\t\t\t\t<p>Wir organisieren Hochzeiten, private Veranstaltungen, Firmenfeiern und mehr mit mediterraner K\u00fcche, elegantem Ambiente und Hafenblick im<strong> Tutti Sensi, Puerto Portals.<\/strong><\/p>\t\t\t\t\t\t\t\t<\/div>\n\t\t<div class=\"elementor-element elementor-element-b85faed e-con-full e-flex e-con e-child\" data-id=\"b85faed\" data-element_type=\"container\" data-e-type=\"container\">\n\t\t\t\t<div class=\"elementor-element elementor-element-a0d04ff elementor-align-center elementor-widget elementor-widget-button\" data-id=\"a0d04ff\" data-element_type=\"widget\" data-e-type=\"widget\" data-widget_type=\"button.default\">\n\t\t\t\t\t\t\t\t\t\t<a class=\"elementor-button elementor-button-link elementor-size-sm\" href=\"tel:+34%20971666301\">\n\t\t\t\t\t\t<span class=\"elementor-button-content-wrapper\">\n\t\t\t\t\t\t\t\t\t<span class=\"elementor-button-text\">Rufen Sie uns an<\/span>\n\t\t\t\t\t<\/span>\n\t\t\t\t\t<\/a>\n\t\t\t\t\t\t\t\t<\/div>\n\t\t\t\t<div class=\"elementor-element elementor-element-29f7776 elementor-align-center elementor-widget elementor-widget-button\" data-id=\"29f7776\" data-element_type=\"widget\" data-e-type=\"widget\" data-widget_type=\"button.default\">\n\t\t\t\t\t\t\t\t\t\t<a class=\"elementor-button elementor-button-link elementor-size-sm\" href=\"mailto:info@tuttisensi.es\">\n\t\t\t\t\t\t<span class=\"elementor-button-content-wrapper\">\n\t\t\t\t\t\t\t\t\t<span class=\"elementor-button-text\">Senden einer E-Mail<\/span>\n\t\t\t\t\t<\/span>\n\t\t\t\t\t<\/a>\n\t\t\t\t\t\t\t\t<\/div>\n\t\t\t\t<\/div>\n\t\t\t\t<div class=\"elementor-element elementor-element-98337fb elementor-widget elementor-widget-spacer\" data-id=\"98337fb\" data-element_type=\"widget\" data-e-type=\"widget\" data-widget_type=\"spacer.default\">\n\t\t\t\t\t\t\t<div class=\"elementor-spacer\">\n\t\t\t<div class=\"elementor-spacer-inner\"><\/div>\n\t\t<\/div>\n\t\t\t\t\t\t<\/div>\n\t\t\t\t\t<\/div>\n\t\t\t\t<\/div>\n\t\t\t\t<\/div>\n\t\t","protected":false},"excerpt":{"rendered":"<p>BESONDERE VERANSTALTUNGEN Privates Catering und Marktst\u00e4nde in Puerto Portals Wir bieten privates Catering auf Mallorca, ma\u00dfgeschneiderte Veranstaltungen f\u00fcr Feiern oder Meetings sowie Marktst\u00e4nde in Puerto Portals. Alles mit charakteristischer K\u00fcche und luxuri\u00f6ser Pr\u00e4sentation. La Ca\u00f1a Del Caribe Stand auf dem Sonnenuntergangsmarkt in Puerto Portals Crepes and more Stand auf dem Weihnachtsmarkt in Puerto Portals Feiern [&hellip;]<\/p>\n","protected":false},"author":2,"featured_media":0,"parent":0,"menu_order":0,"comment_status":"closed","ping_status":"closed","template":"elementor_header_footer","meta":{"footnotes":""},"class_list":["post-1157","page","type-page","status-publish","hentry"],"yoast_head":"<!-- This site is optimized with the Yoast SEO plugin v27.5 - https:\/\/yoast.com\/product\/yoast-seo-wordpress\/ -->\n<title>Ereignisse - Tutti Sensi<\/title>\n<meta name=\"robots\" content=\"index, follow, max-snippet:-1, max-image-preview:large, max-video-preview:-1\" \/>\n<link rel=\"canonical\" href=\"https:\/\/tuttisensi.es\/de\/ereignisse\/\" \/>\n<meta property=\"og:locale\" content=\"de_DE\" \/>\n<meta property=\"og:type\" content=\"article\" \/>\n<meta property=\"og:title\" content=\"Ereignisse - Tutti Sensi\" \/>\n<meta property=\"og:description\" content=\"BESONDERE VERANSTALTUNGEN Privates Catering und Marktst\u00e4nde in Puerto Portals Wir bieten privates Catering auf Mallorca, ma\u00dfgeschneiderte Veranstaltungen f\u00fcr Feiern oder Meetings sowie Marktst\u00e4nde in Puerto Portals. Alles mit charakteristischer K\u00fcche und luxuri\u00f6ser Pr\u00e4sentation. La Ca\u00f1a Del Caribe Stand auf dem Sonnenuntergangsmarkt in Puerto Portals Crepes and more Stand auf dem Weihnachtsmarkt in Puerto Portals Feiern [&hellip;]\" \/>\n<meta property=\"og:url\" content=\"https:\/\/tuttisensi.es\/de\/ereignisse\/\" \/>\n<meta property=\"og:site_name\" content=\"Tutti Sensi\" \/>\n<meta property=\"article:publisher\" content=\"https:\/\/www.facebook.com\/p\/Tutti-Sensi-Portals-100086600102448\/\" \/>\n<meta property=\"article:modified_time\" content=\"2025-11-08T07:21:27+00:00\" \/>\n<meta property=\"og:image\" content=\"https:\/\/tuttisensi.es\/wp-content\/uploads\/2025\/07\/9a48fab2-0dd3-4334-adcc-d6631ba99a57.jpg\" \/>\n\t<meta property=\"og:image:width\" content=\"1024\" \/>\n\t<meta property=\"og:image:height\" content=\"1024\" \/>\n\t<meta property=\"og:image:type\" content=\"image\/jpeg\" \/>\n<meta name=\"twitter:card\" content=\"summary_large_image\" \/>\n<meta name=\"twitter:label1\" content=\"Gesch\u00e4tzte Lesezeit\" \/>\n\t<meta name=\"twitter:data1\" content=\"1\u00a0Minute\" \/>\n<script type=\"application\/ld+json\" class=\"yoast-schema-graph\">{\"@context\":\"https:\\\/\\\/schema.org\",\"@graph\":[{\"@type\":\"WebPage\",\"@id\":\"https:\\\/\\\/tuttisensi.es\\\/de\\\/ereignisse\\\/\",\"url\":\"https:\\\/\\\/tuttisensi.es\\\/de\\\/ereignisse\\\/\",\"name\":\"Ereignisse - Tutti Sensi\",\"isPartOf\":{\"@id\":\"https:\\\/\\\/tuttisensi.es\\\/de\\\/#website\"},\"primaryImageOfPage\":{\"@id\":\"https:\\\/\\\/tuttisensi.es\\\/de\\\/ereignisse\\\/#primaryimage\"},\"image\":{\"@id\":\"https:\\\/\\\/tuttisensi.es\\\/de\\\/ereignisse\\\/#primaryimage\"},\"thumbnailUrl\":\"https:\\\/\\\/tuttisensi.es\\\/wp-content\\\/uploads\\\/2025\\\/07\\\/9a48fab2-0dd3-4334-adcc-d6631ba99a57.jpg\",\"datePublished\":\"2025-07-09T14:51:52+00:00\",\"dateModified\":\"2025-11-08T07:21:27+00:00\",\"breadcrumb\":{\"@id\":\"https:\\\/\\\/tuttisensi.es\\\/de\\\/ereignisse\\\/#breadcrumb\"},\"inLanguage\":\"de\",\"potentialAction\":[{\"@type\":\"ReadAction\",\"target\":[\"https:\\\/\\\/tuttisensi.es\\\/de\\\/ereignisse\\\/\"]}]},{\"@type\":\"ImageObject\",\"inLanguage\":\"de\",\"@id\":\"https:\\\/\\\/tuttisensi.es\\\/de\\\/ereignisse\\\/#primaryimage\",\"url\":\"https:\\\/\\\/tuttisensi.es\\\/wp-content\\\/uploads\\\/2025\\\/07\\\/9a48fab2-0dd3-4334-adcc-d6631ba99a57.jpg\",\"contentUrl\":\"https:\\\/\\\/tuttisensi.es\\\/wp-content\\\/uploads\\\/2025\\\/07\\\/9a48fab2-0dd3-4334-adcc-d6631ba99a57.jpg\"},{\"@type\":\"BreadcrumbList\",\"@id\":\"https:\\\/\\\/tuttisensi.es\\\/de\\\/ereignisse\\\/#breadcrumb\",\"itemListElement\":[{\"@type\":\"ListItem\",\"position\":1,\"name\":\"Hauptseite\",\"item\":\"https:\\\/\\\/tuttisensi.es\\\/de\\\/\"},{\"@type\":\"ListItem\",\"position\":2,\"name\":\"Ereignisse\"}]},{\"@type\":\"WebSite\",\"@id\":\"https:\\\/\\\/tuttisensi.es\\\/de\\\/#website\",\"url\":\"https:\\\/\\\/tuttisensi.es\\\/de\\\/\",\"name\":\"Tutti Sensi\",\"description\":\"Authentic Italian restaurant in Puerto Portals\",\"publisher\":{\"@id\":\"https:\\\/\\\/tuttisensi.es\\\/de\\\/#organization\"},\"potentialAction\":[{\"@type\":\"SearchAction\",\"target\":{\"@type\":\"EntryPoint\",\"urlTemplate\":\"https:\\\/\\\/tuttisensi.es\\\/de\\\/?s={search_term_string}\"},\"query-input\":{\"@type\":\"PropertyValueSpecification\",\"valueRequired\":true,\"valueName\":\"search_term_string\"}}],\"inLanguage\":\"de\"},{\"@type\":\"Organization\",\"@id\":\"https:\\\/\\\/tuttisensi.es\\\/de\\\/#organization\",\"name\":\"Tutti Sensi\",\"url\":\"https:\\\/\\\/tuttisensi.es\\\/de\\\/\",\"logo\":{\"@type\":\"ImageObject\",\"inLanguage\":\"de\",\"@id\":\"https:\\\/\\\/tuttisensi.es\\\/de\\\/#\\\/schema\\\/logo\\\/image\\\/\",\"url\":\"https:\\\/\\\/tuttisensi.es\\\/wp-content\\\/uploads\\\/2025\\\/07\\\/Tutti-Sensi-Landscape-Dark-Medium-Logo-scaled.png\",\"contentUrl\":\"https:\\\/\\\/tuttisensi.es\\\/wp-content\\\/uploads\\\/2025\\\/07\\\/Tutti-Sensi-Landscape-Dark-Medium-Logo-scaled.png\",\"width\":2560,\"height\":1810,\"caption\":\"Tutti Sensi\"},\"image\":{\"@id\":\"https:\\\/\\\/tuttisensi.es\\\/de\\\/#\\\/schema\\\/logo\\\/image\\\/\"},\"sameAs\":[\"https:\\\/\\\/www.facebook.com\\\/p\\\/Tutti-Sensi-Portals-100086600102448\\\/\",\"https:\\\/\\\/www.instagram.com\\\/tuttisensiportals\\\/\"]}]}<\/script>\n<!-- \/ Yoast SEO plugin. -->","yoast_head_json":{"title":"Ereignisse - Tutti Sensi","robots":{"index":"index","follow":"follow","max-snippet":"max-snippet:-1","max-image-preview":"max-image-preview:large","max-video-preview":"max-video-preview:-1"},"canonical":"https:\/\/tuttisensi.es\/de\/ereignisse\/","og_locale":"de_DE","og_type":"article","og_title":"Ereignisse - Tutti Sensi","og_description":"BESONDERE VERANSTALTUNGEN Privates Catering und Marktst\u00e4nde in Puerto Portals Wir bieten privates Catering auf Mallorca, ma\u00dfgeschneiderte Veranstaltungen f\u00fcr Feiern oder Meetings sowie Marktst\u00e4nde in Puerto Portals. Alles mit charakteristischer K\u00fcche und luxuri\u00f6ser Pr\u00e4sentation. La Ca\u00f1a Del Caribe Stand auf dem Sonnenuntergangsmarkt in Puerto Portals Crepes and more Stand auf dem Weihnachtsmarkt in Puerto Portals Feiern [&hellip;]","og_url":"https:\/\/tuttisensi.es\/de\/ereignisse\/","og_site_name":"Tutti Sensi","article_publisher":"https:\/\/www.facebook.com\/p\/Tutti-Sensi-Portals-100086600102448\/","article_modified_time":"2025-11-08T07:21:27+00:00","og_image":[{"width":1024,"height":1024,"url":"https:\/\/tuttisensi.es\/wp-content\/uploads\/2025\/07\/9a48fab2-0dd3-4334-adcc-d6631ba99a57.jpg","type":"image\/jpeg"}],"twitter_card":"summary_large_image","twitter_misc":{"Gesch\u00e4tzte Lesezeit":"1\u00a0Minute"},"schema":{"@context":"https:\/\/schema.org","@graph":[{"@type":"WebPage","@id":"https:\/\/tuttisensi.es\/de\/ereignisse\/","url":"https:\/\/tuttisensi.es\/de\/ereignisse\/","name":"Ereignisse - Tutti Sensi","isPartOf":{"@id":"https:\/\/tuttisensi.es\/de\/#website"},"primaryImageOfPage":{"@id":"https:\/\/tuttisensi.es\/de\/ereignisse\/#primaryimage"},"image":{"@id":"https:\/\/tuttisensi.es\/de\/ereignisse\/#primaryimage"},"thumbnailUrl":"https:\/\/tuttisensi.es\/wp-content\/uploads\/2025\/07\/9a48fab2-0dd3-4334-adcc-d6631ba99a57.jpg","datePublished":"2025-07-09T14:51:52+00:00","dateModified":"2025-11-08T07:21:27+00:00","breadcrumb":{"@id":"https:\/\/tuttisensi.es\/de\/ereignisse\/#breadcrumb"},"inLanguage":"de","potentialAction":[{"@type":"ReadAction","target":["https:\/\/tuttisensi.es\/de\/ereignisse\/"]}]},{"@type":"ImageObject","inLanguage":"de","@id":"https:\/\/tuttisensi.es\/de\/ereignisse\/#primaryimage","url":"https:\/\/tuttisensi.es\/wp-content\/uploads\/2025\/07\/9a48fab2-0dd3-4334-adcc-d6631ba99a57.jpg","contentUrl":"https:\/\/tuttisensi.es\/wp-content\/uploads\/2025\/07\/9a48fab2-0dd3-4334-adcc-d6631ba99a57.jpg"},{"@type":"BreadcrumbList","@id":"https:\/\/tuttisensi.es\/de\/ereignisse\/#breadcrumb","itemListElement":[{"@type":"ListItem","position":1,"name":"Hauptseite","item":"https:\/\/tuttisensi.es\/de\/"},{"@type":"ListItem","position":2,"name":"Ereignisse"}]},{"@type":"WebSite","@id":"https:\/\/tuttisensi.es\/de\/#website","url":"https:\/\/tuttisensi.es\/de\/","name":"Tutti Sensi","description":"Authentic Italian restaurant in Puerto Portals","publisher":{"@id":"https:\/\/tuttisensi.es\/de\/#organization"},"potentialAction":[{"@type":"SearchAction","target":{"@type":"EntryPoint","urlTemplate":"https:\/\/tuttisensi.es\/de\/?s={search_term_string}"},"query-input":{"@type":"PropertyValueSpecification","valueRequired":true,"valueName":"search_term_string"}}],"inLanguage":"de"},{"@type":"Organization","@id":"https:\/\/tuttisensi.es\/de\/#organization","name":"Tutti Sensi","url":"https:\/\/tuttisensi.es\/de\/","logo":{"@type":"ImageObject","inLanguage":"de","@id":"https:\/\/tuttisensi.es\/de\/#\/schema\/logo\/image\/","url":"https:\/\/tuttisensi.es\/wp-content\/uploads\/2025\/07\/Tutti-Sensi-Landscape-Dark-Medium-Logo-scaled.png","contentUrl":"https:\/\/tuttisensi.es\/wp-content\/uploads\/2025\/07\/Tutti-Sensi-Landscape-Dark-Medium-Logo-scaled.png","width":2560,"height":1810,"caption":"Tutti Sensi"},"image":{"@id":"https:\/\/tuttisensi.es\/de\/#\/schema\/logo\/image\/"},"sameAs":["https:\/\/www.facebook.com\/p\/Tutti-Sensi-Portals-100086600102448\/","https:\/\/www.instagram.com\/tuttisensiportals\/"]}]}},"_links":{"self":[{"href":"https:\/\/tuttisensi.es\/de\/wp-json\/wp\/v2\/pages\/1157","targetHints":{"allow":["GET"]}}],"collection":[{"href":"https:\/\/tuttisensi.es\/de\/wp-json\/wp\/v2\/pages"}],"about":[{"href":"https:\/\/tuttisensi.es\/de\/wp-json\/wp\/v2\/types\/page"}],"author":[{"embeddable":true,"href":"https:\/\/tuttisensi.es\/de\/wp-json\/wp\/v2\/users\/2"}],"replies":[{"embeddable":true,"href":"https:\/\/tuttisensi.es\/de\/wp-json\/wp\/v2\/comments?post=1157"}],"version-history":[{"count":6,"href":"https:\/\/tuttisensi.es\/de\/wp-json\/wp\/v2\/pages\/1157\/revisions"}],"predecessor-version":[{"id":3084,"href":"https:\/\/tuttisensi.es\/de\/wp-json\/wp\/v2\/pages\/1157\/revisions\/3084"}],"wp:attachment":[{"href":"https:\/\/tuttisensi.es\/de\/wp-json\/wp\/v2\/media?parent=1157"}],"curies":[{"name":"wp","href":"https:\/\/api.w.org\/{rel}","templated":true}]}}